{"id":323,"date":"2019-03-14T16:31:39","date_gmt":"2019-03-14T15:31:39","guid":{"rendered":"http:\/\/newsite.mixdata.com\/?page_id=323"},"modified":"2025-08-29T16:35:10","modified_gmt":"2025-08-29T14:35:10","slug":"fichiers-prospection-b2b","status":"publish","type":"page","link":"https:\/\/www.mixdata.com\/fr\/fichiers-prospection-b2b\/","title":{"rendered":"Id\u00e9es de ciblages Smart Data pour vos fichiers B2B"},"content":{"rendered":"<p>[vc_row css_animation=\u00a0\u00bb\u00a0\u00bb row_type=\u00a0\u00bbrow\u00a0\u00bb use_row_as_full_screen_section=\u00a0\u00bbno\u00a0\u00bb type=\u00a0\u00bbgrid\u00a0\u00bb angled_section=\u00a0\u00bbno\u00a0\u00bb text_align=\u00a0\u00bbleft\u00a0\u00bb background_image_as_pattern=\u00a0\u00bbwithout_pattern\u00a0\u00bb padding_top=\u00a0\u00bb0&Prime;][vc_column width=\u00a0\u00bb1\/3&Prime;][vc_hoverbox image=\u00a0\u00bb385&Prime; primary_title=\u00a0\u00bbIDENTIFIER LES GROUPES FAMILIAUX\u00a0\u00bb hover_title=\u00a0\u00bbLES GROUPES FAMILIAUX\u00a0\u00bb shape=\u00a0\u00bbsquare\u00a0\u00bb css=\u00a0\u00bb.vc_custom_1567676272871{background-color: #ebebeb !important;}\u00a0\u00bb]<\/p>\n<hr \/>\n<p>&nbsp;<\/p>\n<p>Mixdata permet d\u2019identifier toutes les entreprises qui, sur leur site, mentionnent l\u2019une des expressions suivantes. <strong>\u00abEst une entreprise familiale\u00bb, \u00absoci\u00e9t\u00e9 familiale\u00bb, \u00abgroupe familial\u00bb, \u00abactionnaires familiaux\u00bb, \u00abde p\u00e8re en fils\u00bb\u2026<\/strong><\/p>\n<p>On compl\u00e8te avec les entreprises dont la raison sociale comprend. <strong>\u00abEt fils\u00bb, \u00ab&amp; fils\u00bb, \u00abfr\u00e8res\u00bb, \u00ab&amp; filles\u00bb<\/strong> et avec les homonymies de dirigeants.<\/p>\n<p>&nbsp;<\/p>\n<hr \/>\n<p>[\/vc_hoverbox][\/vc_column][vc_column width=\u00a0\u00bb1\/3&Prime;][vc_hoverbox image=\u00a0\u00bb388&Prime; primary_title=\u00a0\u00bbIDENTIFIER LES ENTREPRISES \u00ab\u00a0OU IL FAIT BON TRAVAILLER\u00ab\u00a0\u00a0\u00bb hover_title=\u00a0\u00bbQUALITE DE VIE AU TRAVAIL\u00a0\u00bb shape=\u00a0\u00bbsquare\u00a0\u00bb css=\u00a0\u00bb.vc_custom_1567676333879{background-color: #ebebeb !important;}\u00a0\u00bb]<\/p>\n<hr \/>\n<p>Mixdata permet d&rsquo;identifier les entreprises qui, sur leur site web, font mention de l\u2019une des expressions suivantes. <strong>\u00ab\u00a0Happy@work, best place to work, great place to work, o\u00f9 il fait bon travailler, top employer,\u00a0\u00bb<\/strong> etc.<\/p>\n<p>Nous allons \u00e9galement d\u00e9tecter la pr\u00e9sence de fonctions r\u00e9v\u00e9latrices. Ex. : <strong>\u00ab\u00a0marque employeur, CHO, happy, happiness, bien-\u00eatre au travail, qvt, qualit\u00e9 de vie au travail,\u00a0\u00bb<\/strong> etc.<\/p>\n<p>&nbsp;<\/p>\n<hr \/>\n<p>[\/vc_hoverbox][\/vc_column][vc_column width=\u00a0\u00bb1\/3&Prime;][vc_hoverbox image=\u00a0\u00bb393&Prime; primary_title=\u00a0\u00bbLOGISTIQUE : MIEUX CONNAITRE LES E-COMMERCANTS\u00a0\u00bb hover_title=\u00a0\u00bbLOGISTIQUE E-COMMERCE\u00a0\u00bb shape=\u00a0\u00bbsquare\u00a0\u00bb css=\u00a0\u00bb.vc_custom_1567675748956{background-color: #ebebeb !important;}\u00a0\u00bb]<\/p>\n<p>Mixdata a identifi\u00e9<strong> 110.000 e-commer\u00e7ants en France<\/strong>. L&rsquo;on peut croiser cette information avec des recherches s\u00e9mantiques \u00ab\u00a0produits\u00a0\u00bb (\u00e9lectrom\u00e9nager, alimentaire, mode et habillement, meubles&#8230;). L&rsquo;on arrive ainsi <strong>\u00e0 d\u00e9terminer la nature des produits \u00e0 exp\u00e9dier par ces e-commer\u00e7ants. Par ex :<\/strong> produits volumineux, produits frais, produits de valeur&#8230;<\/p>\n<p>Et avec le tag \u00ab\u00a0Activit\u00e9 \u00e0 l&rsquo;international\u00a0\u00bb l&rsquo;on arrive<strong> \u00e0 d\u00e9terminer le p\u00e9rim\u00e8tre g\u00e9ographique des exp\u00e9ditions.<\/strong>[\/vc_hoverbox][\/vc_column][\/vc_row][vc_row css_animation=\u00a0\u00bb\u00a0\u00bb row_type=\u00a0\u00bbrow\u00a0\u00bb use_row_as_full_screen_section=\u00a0\u00bbno\u00a0\u00bb type=\u00a0\u00bbfull_width\u00a0\u00bb angled_section=\u00a0\u00bbno\u00a0\u00bb text_align=\u00a0\u00bbleft\u00a0\u00bb background_image_as_pattern=\u00a0\u00bbwithout_pattern\u00a0\u00bb][vc_column][vc_empty_space][\/vc_column][\/vc_row][vc_row css_animation=\u00a0\u00bb\u00a0\u00bb row_type=\u00a0\u00bbrow\u00a0\u00bb use_row_as_full_screen_section=\u00a0\u00bbno\u00a0\u00bb type=\u00a0\u00bbgrid\u00a0\u00bb angled_section=\u00a0\u00bbno\u00a0\u00bb text_align=\u00a0\u00bbleft\u00a0\u00bb background_image_as_pattern=\u00a0\u00bbwithout_pattern\u00a0\u00bb padding_top=\u00a0\u00bb0&Prime;][vc_column width=\u00a0\u00bb1\/3&Prime;][vc_hoverbox image=\u00a0\u00bb821&Prime; primary_title=\u00a0\u00bbQUI SONT LES ANNONCEURS ONLINE ?\u00a0\u00bb hover_title=\u00a0\u00bbLES ANNONCEURS ONLINE\u00a0\u00bb shape=\u00a0\u00bbsquare\u00a0\u00bb css=\u00a0\u00bb.vc_custom_1567675706236{margin-bottom: px !important;background-color: #ebebeb !important;}\u00a0\u00bb]<\/p>\n<p>&nbsp;<\/p>\n<p>Mixdata analyse les technos li\u00e9es \u00e0 la Publicit\u00e9 et au Retargeting. L&rsquo;on peut ainsi identifier les potentiels de d\u00e9penses, la saisonnalit\u00e9 des annonces produits, la pr\u00e9sence sur les r\u00e9seaux publicitaires, les r\u00e9seaux de retargeting,\u00a0 etc&#8230; des sites fran\u00e7ais, et donc des entreprises.<\/p>\n<p><strong>Mixdata identifie + de 130.000 annonceurs online en France.<\/strong><\/p>\n<p>&nbsp;<\/p>\n<p>&nbsp;<\/p>\n<p>[\/vc_hoverbox][\/vc_column][vc_column width=\u00a0\u00bb1\/3&Prime;][vc_hoverbox image=\u00a0\u00bb826&Prime; primary_title=\u00a0\u00bbIDENTIFIER LES RECRUTEURS \u00ab\u00a0HIGH-TECH\u00ab\u00a0\u00a0\u00bb hover_title=\u00a0\u00bbLES RECRUTEURS \u00ab\u00a0HIGH-TECH\u00ab\u00a0\u00a0\u00bb shape=\u00a0\u00bbsquare\u00a0\u00bb css=\u00a0\u00bb.vc_custom_1567675604366{background-color: #ebebeb !important;}\u00a0\u00bb]Mixdata permet de rechercher dans les intitul\u00e9s des fonctions des collaborateurs, ainsi que par les mots-cl\u00e9s int\u00e9gr\u00e9s dans les offres d&#8217;emplois. L&rsquo;on peut ainsi d\u00e9tecter les entreprises ayant int\u00e9gr\u00e9 ou \u00e9tant en train de recruter des <strong>\u00ab\u00a0D\u00e9veloppeurs Java\/JEE\u00a0\u00bb<\/strong> ou des <strong>\u00ab\u00a0Customers Success Managers\u00a0\u00bb<\/strong>.<\/p>\n<p>On peut \u00e9galement compl\u00e9ter sur des requ\u00eates s\u00e9mantiques li\u00e9es aux <strong>\u00ab\u00a0Jeunes Entreprises Innovantes\u00a0\u00bb<\/strong> ou aux startups concourant au <strong>\u00ab\u00a0Technology Fast 500\u00a0\u00bb<\/strong> de Deloitte&#8230;[\/vc_hoverbox][\/vc_column][vc_column width=\u00a0\u00bb1\/3&Prime;][vc_hoverbox image=\u00a0\u00bb819&Prime; primary_title=\u00a0\u00bbIDENTIFIER LES FOURNISSEURS DE L&rsquo;AERONAUTIQUE\u00a0\u00bb hover_title=\u00a0\u00bbFOURNISSEURS DE L&rsquo;AERONAUTIQUE\u00a0\u00bb shape=\u00a0\u00bbsquare\u00a0\u00bb css=\u00a0\u00bb.vc_custom_1567675571870{border-bottom-width: px !important;padding-bottom: 0px !important;background-color: #ebebeb !important;}\u00a0\u00bb]Les fournisseurs de l&rsquo;a\u00e9ronautique sont pr\u00e9sents dans de tr\u00e8s nombreux codes NAF. Alors comment les identifier ? <strong>Par la norme EN9100<\/strong>, adopt\u00e9e par la majorit\u00e9 des entreprises. En effet, les grands donneurs d&rsquo;ordre comme Airbus et Boeing demandent \u00e0 leurs sous-traitants de s\u2019y conformer.<\/p>\n<p><strong>Une simple recherche s\u00e9mantique sur les soci\u00e9t\u00e9s ayant fait figurer le terme \u00ab\u00a0EN 9100\u00a0\u00bb<\/strong> sur leur site permet d&rsquo;identifier l&rsquo;ensemble des intervenants de ce secteur.[\/vc_hoverbox][\/vc_column][\/vc_row][vc_row css_animation=\u00a0\u00bb\u00a0\u00bb row_type=\u00a0\u00bbrow\u00a0\u00bb use_row_as_full_screen_section=\u00a0\u00bbno\u00a0\u00bb type=\u00a0\u00bbfull_width\u00a0\u00bb angled_section=\u00a0\u00bbno\u00a0\u00bb text_align=\u00a0\u00bbleft\u00a0\u00bb background_image_as_pattern=\u00a0\u00bbwithout_pattern\u00a0\u00bb][vc_column][vc_empty_space][\/vc_column][vc_column][vc_column_text]<\/p>\n<h5 style=\"text-align: center;\">Des ciblages Smart Data exclusifs au service de votre prospection Marketing et Commerciale !<\/h5>\n<p style=\"text-align: center;\">D\u00e9couvrez <a href=\"https:\/\/databtob.com\" target=\"_blank\" rel=\"noopener\"><strong>d&rsquo;autres id\u00e9es de ciblage sur notre site Databtob.com<\/strong><\/a>, le Catalogue de fichiers BtoB pr\u00eats \u00e0 l&#8217;emploi&#8230;<\/p>\n<p>[\/vc_column_text][vc_empty_space][\/vc_column][\/vc_row][vc_row css_animation=\u00a0\u00bb\u00a0\u00bb row_type=\u00a0\u00bbrow\u00a0\u00bb use_row_as_full_screen_section=\u00a0\u00bbno\u00a0\u00bb type=\u00a0\u00bbfull_width\u00a0\u00bb angled_section=\u00a0\u00bbno\u00a0\u00bb text_align=\u00a0\u00bbleft\u00a0\u00bb background_image_as_pattern=\u00a0\u00bbwithout_pattern\u00a0\u00bb][\/vc_row][vc_column][\/vc_column]<div class=\"call_to_action normal\" style=\"background-color: #1fc8ec;padding-top: 40px;padding-bottom: 40px;\"><div class=\"container_inner\"><div class=\"two_columns_75_25 clearfix\"><div class=\"text_wrapper column1\"><div class=\"call_to_action_text \" style=\"\">\n<p style=\"text-align: right;\">Et vous, que souhaitez-vous d\u00e9tecter avec la Smart Data ? Contactez-nous&#8230;<\/p>\n<\/div><\/div><div class=\"button_wrapper column2\"><a itemprop=\"url\" href=\"\/fr\/contact-mixdata\/\" class=\"qbutton white \" target=\"_self\" style=\"color: #ffffff;border-color: #2f4a66;background-color: #2f4a66;\"data-hover-color=#1fc8ec>J'Y VAIS<\/a><\/div><\/div><\/div><\/div>[vc_row css_animation=\u00a0\u00bb\u00a0\u00bb row_type=\u00a0\u00bbrow\u00a0\u00bb use_row_as_full_screen_section=\u00a0\u00bbno\u00a0\u00bb type=\u00a0\u00bbfull_width\u00a0\u00bb angled_section=\u00a0\u00bbno\u00a0\u00bb text_align=\u00a0\u00bbleft\u00a0\u00bb background_image_as_pattern=\u00a0\u00bbwithout_pattern\u00a0\u00bb][vc_column][\/vc_column][\/vc_row]<\/p>\n","protected":false},"excerpt":{"rendered":"<p>[vc_row css_animation=\u00a0\u00bb\u00a0\u00bb row_type=\u00a0\u00bbrow\u00a0\u00bb use_row_as_full_screen_section=\u00a0\u00bbno\u00a0\u00bb type=\u00a0\u00bbgrid\u00a0\u00bb angled_section=\u00a0\u00bbno\u00a0\u00bb text_align=\u00a0\u00bbleft\u00a0\u00bb background_image_as_pattern=\u00a0\u00bbwithout_pattern\u00a0\u00bb padding_top=\u00a0\u00bb0&Prime;][vc_column width=\u00a0\u00bb1\/3&Prime;][vc_hoverbox image=\u00a0\u00bb385&Prime; primary_title=\u00a0\u00bbIDENTIFIER LES GROUPES FAMILIAUX\u00a0\u00bb hover_title=\u00a0\u00bbLES GROUPES FAMILIAUX\u00a0\u00bb shape=\u00a0\u00bbsquare\u00a0\u00bb css=\u00a0\u00bb.vc_custom_1567676272871{background-color: #ebebeb !important;}\u00a0\u00bb] &nbsp; Mixdata permet d\u2019identifier toutes les entreprises qui, sur leur site, mentionnent l\u2019une des expressions suivantes. \u00abEst une entreprise familiale\u00bb, \u00absoci\u00e9t\u00e9 familiale\u00bb, \u00abgroupe&#8230;<\/p>\n","protected":false},"author":1,"featured_media":0,"parent":0,"menu_order":0,"comment_status":"closed","ping_status":"closed","template":"full_width.php","meta":{"footnotes":""},"class_list":["post-323","page","type-page","status-publish","hentry"],"yoast_head":"<!-- This site is optimized with the Yoast SEO plugin v26.1.1 - https:\/\/yoast.com\/wordpress\/plugins\/seo\/ -->\n<title>Fichiers B2B et prospection commerciale : ciblages Smart Data de Mixdata<\/title>\n<meta name=\"description\" content=\"Fichiers BtoB - Leads generation - Base de donn\u00e9es Entreprises : Mixdata r\u00e9volutionne la prospection d&#039;entreprises. Quelques Id\u00e9es de ciblages Smart Data...\" \/>\n<meta name=\"robots\" content=\"index, follow, max-snippet:-1, max-image-preview:large, max-video-preview:-1\" \/>\n<link rel=\"canonical\" href=\"https:\/\/www.mixdata.com\/fr\/fichiers-prospection-b2b\/\" \/>\n<meta property=\"og:locale\" content=\"fr_FR\" \/>\n<meta property=\"og:type\" content=\"article\" \/>\n<meta property=\"og:title\" content=\"Fichiers B2B et prospection commerciale : ciblages Smart Data de Mixdata\" \/>\n<meta property=\"og:description\" content=\"Fichiers BtoB - Leads generation - Base de donn\u00e9es Entreprises : Mixdata r\u00e9volutionne la prospection d&#039;entreprises. Quelques Id\u00e9es de ciblages Smart Data...\" \/>\n<meta property=\"og:url\" content=\"https:\/\/www.mixdata.com\/fr\/fichiers-prospection-b2b\/\" \/>\n<meta property=\"og:site_name\" content=\"Mixdata - Fichiers B2B et Prospection BtoB\" \/>\n<meta property=\"article:modified_time\" content=\"2025-08-29T14:35:10+00:00\" \/>\n<meta name=\"twitter:card\" content=\"summary_large_image\" \/>\n<meta name=\"twitter:site\" content=\"@mixdata92\" \/>\n<meta name=\"twitter:label1\" content=\"Dur\u00e9e de lecture estim\u00e9e\" \/>\n\t<meta name=\"twitter:data1\" content=\"3 minutes\" \/>\n<script type=\"application\/ld+json\" class=\"yoast-schema-graph\">{\"@context\":\"https:\/\/schema.org\",\"@graph\":[{\"@type\":\"WebPage\",\"@id\":\"https:\/\/www.mixdata.com\/fr\/fichiers-prospection-b2b\/\",\"url\":\"https:\/\/www.mixdata.com\/fr\/fichiers-prospection-b2b\/\",\"name\":\"Fichiers B2B et prospection commerciale : ciblages Smart Data de Mixdata\",\"isPartOf\":{\"@id\":\"https:\/\/www.mixdata.com\/fr\/#website\"},\"datePublished\":\"2019-03-14T15:31:39+00:00\",\"dateModified\":\"2025-08-29T14:35:10+00:00\",\"description\":\"Fichiers BtoB - Leads generation - Base de donn\u00e9es Entreprises : Mixdata r\u00e9volutionne la prospection d'entreprises. Quelques Id\u00e9es de ciblages Smart Data...\",\"breadcrumb\":{\"@id\":\"https:\/\/www.mixdata.com\/fr\/fichiers-prospection-b2b\/#breadcrumb\"},\"inLanguage\":\"fr-FR\",\"potentialAction\":[{\"@type\":\"ReadAction\",\"target\":[\"https:\/\/www.mixdata.com\/fr\/fichiers-prospection-b2b\/\"]}]},{\"@type\":\"BreadcrumbList\",\"@id\":\"https:\/\/www.mixdata.com\/fr\/fichiers-prospection-b2b\/#breadcrumb\",\"itemListElement\":[{\"@type\":\"ListItem\",\"position\":1,\"name\":\"Accueil\",\"item\":\"https:\/\/www.mixdata.com\/fr\/\"},{\"@type\":\"ListItem\",\"position\":2,\"name\":\"Id\u00e9es de ciblages Smart Data pour vos fichiers B2B\"}]},{\"@type\":\"WebSite\",\"@id\":\"https:\/\/www.mixdata.com\/fr\/#website\",\"url\":\"https:\/\/www.mixdata.com\/fr\/\",\"name\":\"Mixdata - Fichiers B2B et Prospection BtoB\",\"description\":\"Fichiers btob et Smart data b2b, leads generation : un outil de prospection en mode SaaS pour les Commerciaux et le Marketing.\",\"publisher\":{\"@id\":\"https:\/\/www.mixdata.com\/fr\/#organization\"},\"potentialAction\":[{\"@type\":\"SearchAction\",\"target\":{\"@type\":\"EntryPoint\",\"urlTemplate\":\"https:\/\/www.mixdata.com\/fr\/?s={search_term_string}\"},\"query-input\":{\"@type\":\"PropertyValueSpecification\",\"valueRequired\":true,\"valueName\":\"search_term_string\"}}],\"inLanguage\":\"fr-FR\"},{\"@type\":\"Organization\",\"@id\":\"https:\/\/www.mixdata.com\/fr\/#organization\",\"name\":\"MIXDATA\",\"url\":\"https:\/\/www.mixdata.com\/fr\/\",\"logo\":{\"@type\":\"ImageObject\",\"inLanguage\":\"fr-FR\",\"@id\":\"https:\/\/www.mixdata.com\/fr\/#\/schema\/logo\/image\/\",\"url\":\"https:\/\/www.mixdata.com\/fr\/wp-content\/uploads\/2019\/03\/mixdata-logo-100p-e1552399152569.png\",\"contentUrl\":\"https:\/\/www.mixdata.com\/fr\/wp-content\/uploads\/2019\/03\/mixdata-logo-100p-e1552399152569.png\",\"width\":80,\"height\":26,\"caption\":\"MIXDATA\"},\"image\":{\"@id\":\"https:\/\/www.mixdata.com\/fr\/#\/schema\/logo\/image\/\"},\"sameAs\":[\"https:\/\/x.com\/mixdata92\",\"https:\/\/www.linkedin.com\/company\/mixdata\/\"]}]}<\/script>\n<!-- \/ Yoast SEO plugin. -->","yoast_head_json":{"title":"Fichiers B2B et prospection commerciale : ciblages Smart Data de Mixdata","description":"Fichiers BtoB - Leads generation - Base de donn\u00e9es Entreprises : Mixdata r\u00e9volutionne la prospection d'entreprises. Quelques Id\u00e9es de ciblages Smart Data...","robots":{"index":"index","follow":"follow","max-snippet":"max-snippet:-1","max-image-preview":"max-image-preview:large","max-video-preview":"max-video-preview:-1"},"canonical":"https:\/\/www.mixdata.com\/fr\/fichiers-prospection-b2b\/","og_locale":"fr_FR","og_type":"article","og_title":"Fichiers B2B et prospection commerciale : ciblages Smart Data de Mixdata","og_description":"Fichiers BtoB - Leads generation - Base de donn\u00e9es Entreprises : Mixdata r\u00e9volutionne la prospection d'entreprises. Quelques Id\u00e9es de ciblages Smart Data...","og_url":"https:\/\/www.mixdata.com\/fr\/fichiers-prospection-b2b\/","og_site_name":"Mixdata - Fichiers B2B et Prospection BtoB","article_modified_time":"2025-08-29T14:35:10+00:00","twitter_card":"summary_large_image","twitter_site":"@mixdata92","twitter_misc":{"Dur\u00e9e de lecture estim\u00e9e":"3 minutes"},"schema":{"@context":"https:\/\/schema.org","@graph":[{"@type":"WebPage","@id":"https:\/\/www.mixdata.com\/fr\/fichiers-prospection-b2b\/","url":"https:\/\/www.mixdata.com\/fr\/fichiers-prospection-b2b\/","name":"Fichiers B2B et prospection commerciale : ciblages Smart Data de Mixdata","isPartOf":{"@id":"https:\/\/www.mixdata.com\/fr\/#website"},"datePublished":"2019-03-14T15:31:39+00:00","dateModified":"2025-08-29T14:35:10+00:00","description":"Fichiers BtoB - Leads generation - Base de donn\u00e9es Entreprises : Mixdata r\u00e9volutionne la prospection d'entreprises. Quelques Id\u00e9es de ciblages Smart Data...","breadcrumb":{"@id":"https:\/\/www.mixdata.com\/fr\/fichiers-prospection-b2b\/#breadcrumb"},"inLanguage":"fr-FR","potentialAction":[{"@type":"ReadAction","target":["https:\/\/www.mixdata.com\/fr\/fichiers-prospection-b2b\/"]}]},{"@type":"BreadcrumbList","@id":"https:\/\/www.mixdata.com\/fr\/fichiers-prospection-b2b\/#breadcrumb","itemListElement":[{"@type":"ListItem","position":1,"name":"Accueil","item":"https:\/\/www.mixdata.com\/fr\/"},{"@type":"ListItem","position":2,"name":"Id\u00e9es de ciblages Smart Data pour vos fichiers B2B"}]},{"@type":"WebSite","@id":"https:\/\/www.mixdata.com\/fr\/#website","url":"https:\/\/www.mixdata.com\/fr\/","name":"Mixdata - Fichiers B2B et Prospection BtoB","description":"Fichiers btob et Smart data b2b, leads generation : un outil de prospection en mode SaaS pour les Commerciaux et le Marketing.","publisher":{"@id":"https:\/\/www.mixdata.com\/fr\/#organization"},"potentialAction":[{"@type":"SearchAction","target":{"@type":"EntryPoint","urlTemplate":"https:\/\/www.mixdata.com\/fr\/?s={search_term_string}"},"query-input":{"@type":"PropertyValueSpecification","valueRequired":true,"valueName":"search_term_string"}}],"inLanguage":"fr-FR"},{"@type":"Organization","@id":"https:\/\/www.mixdata.com\/fr\/#organization","name":"MIXDATA","url":"https:\/\/www.mixdata.com\/fr\/","logo":{"@type":"ImageObject","inLanguage":"fr-FR","@id":"https:\/\/www.mixdata.com\/fr\/#\/schema\/logo\/image\/","url":"https:\/\/www.mixdata.com\/fr\/wp-content\/uploads\/2019\/03\/mixdata-logo-100p-e1552399152569.png","contentUrl":"https:\/\/www.mixdata.com\/fr\/wp-content\/uploads\/2019\/03\/mixdata-logo-100p-e1552399152569.png","width":80,"height":26,"caption":"MIXDATA"},"image":{"@id":"https:\/\/www.mixdata.com\/fr\/#\/schema\/logo\/image\/"},"sameAs":["https:\/\/x.com\/mixdata92","https:\/\/www.linkedin.com\/company\/mixdata\/"]}]}},"_links":{"self":[{"href":"https:\/\/www.mixdata.com\/fr\/wp-json\/wp\/v2\/pages\/323","targetHints":{"allow":["GET"]}}],"collection":[{"href":"https:\/\/www.mixdata.com\/fr\/wp-json\/wp\/v2\/pages"}],"about":[{"href":"https:\/\/www.mixdata.com\/fr\/wp-json\/wp\/v2\/types\/page"}],"author":[{"embeddable":true,"href":"https:\/\/www.mixdata.com\/fr\/wp-json\/wp\/v2\/users\/1"}],"replies":[{"embeddable":true,"href":"https:\/\/www.mixdata.com\/fr\/wp-json\/wp\/v2\/comments?post=323"}],"version-history":[{"count":180,"href":"https:\/\/www.mixdata.com\/fr\/wp-json\/wp\/v2\/pages\/323\/revisions"}],"predecessor-version":[{"id":2503,"href":"https:\/\/www.mixdata.com\/fr\/wp-json\/wp\/v2\/pages\/323\/revisions\/2503"}],"wp:attachment":[{"href":"https:\/\/www.mixdata.com\/fr\/wp-json\/wp\/v2\/media?parent=323"}],"curies":[{"name":"wp","href":"https:\/\/api.w.org\/{rel}","templated":true}]}}