{"id":1993,"date":"2021-03-31T11:48:38","date_gmt":"2021-03-31T09:48:38","guid":{"rendered":"https:\/\/www.mixdata.com\/fr\/?page_id=1993"},"modified":"2021-03-31T12:00:14","modified_gmt":"2021-03-31T10:00:14","slug":"contact-good","status":"publish","type":"page","link":"https:\/\/www.mixdata.com\/fr\/contact-good\/","title":{"rendered":"Votre demande d&rsquo;informations nous est bien parvenue<br>et nous vous en remercions"},"content":{"rendered":"<p>[vc_row css_animation=\u00a0\u00bb\u00a0\u00bb row_type=\u00a0\u00bbrow\u00a0\u00bb use_row_as_full_screen_section=\u00a0\u00bbno\u00a0\u00bb type=\u00a0\u00bbgrid\u00a0\u00bb angled_section=\u00a0\u00bbno\u00a0\u00bb text_align=\u00a0\u00bbleft\u00a0\u00bb background_image_as_pattern=\u00a0\u00bbwithout_pattern\u00a0\u00bb padding_top=\u00a0\u00bb0&Prime; css=\u00a0\u00bb.vc_custom_1561386755813{margin-left: 100px !important;}\u00a0\u00bb][vc_column width=\u00a0\u00bb1\/2&Prime; css=\u00a0\u00bb.vc_custom_1556887405968{margin-left: 0px !important;}\u00a0\u00bb][vc_gmaps link=\u00a0\u00bb#E-8_JTNDaWZyYW1lJTIwc3JjJTNEJTIyaHR0cHMlM0ElMkYlMkZ3d3cuZ29vZ2xlLmNvbSUyRm1hcHMlMkZlbWJlZCUzRnBiJTNEJTIxMW0xOCUyMTFtMTIlMjExbTMlMjExZDI2MjYuMjkwNDE2Njg2NjEzMyUyMTJkMi4yNDY3MjUxMTU5MDIzNTMlMjEzZDQ4LjgzMzU5ODkxMDQwNTUwNiUyMTJtMyUyMTFmMCUyMTJmMCUyMTNmMCUyMTNtMiUyMTFpMTAyNCUyMTJpNzY4JTIxNGYxMy4xJTIxM20zJTIxMW0yJTIxMXMweDQ3ZTY3YWViOTIwOWFjNjUlMjUzQTB4MWU0OGE4ZjNmODMxZDNiNSUyMTJzTWl4ZGF0YSUyMTVlMCUyMTNtMiUyMTFzZnIlMjEyc2ZyJTIxNHYxNTUyNjczNDcyNjY5JTIyJTIwd2lkdGglM0QlMjI2MDAlMjIlMjBoZWlnaHQlM0QlMjI0NTAlMjIlMjBmcmFtZWJvcmRlciUzRCUyMjAlMjIlMjBzdHlsZSUzRCUyMmJvcmRlciUzQTAlMjIlMjBhbGxvd2Z1bGxzY3JlZW4lM0UlM0MlMkZpZnJhbWUlM0U=\u00a0\u00bb][\/vc_column][vc_column width=\u00a0\u00bb1\/2&Prime;][vc_empty_space height=\u00a0\u00bb100px\u00a0\u00bb][vc_column_text]<\/p>\n<h3><\/h3>\n<h3><\/h3>\n<h3><span style=\"color: #000000;\">Prospection commerciale B2B, fichiers entreprises, g\u00e9n\u00e9ration de leads BtoB&#8230;<\/span><\/h3>\n<h3><span style=\"color: #000000;\">Nos sp\u00e9cialistes reprendront tr\u00e8s rapidement contact avec vous pour r\u00e9pondre \u00e0 votre demande. A tr\u00e8s vite !<\/span><\/h3>\n<p>[\/vc_column_text][\/vc_column][\/vc_row][vc_row css_animation=\u00a0\u00bb\u00a0\u00bb row_type=\u00a0\u00bbrow\u00a0\u00bb use_row_as_full_screen_section=\u00a0\u00bbno\u00a0\u00bb type=\u00a0\u00bbgrid\u00a0\u00bb angled_section=\u00a0\u00bbno\u00a0\u00bb text_align=\u00a0\u00bbleft\u00a0\u00bb background_image_as_pattern=\u00a0\u00bbwithout_pattern\u00a0\u00bb][vc_column][vc_empty_space][vc_column_text]<\/p>\n<h6 style=\"text-align: center;\">Les informations recueillies sur ce formulaire sont enregistr\u00e9es par Mixdata \u00e0 des fins de gestion client\u00e8le et prospection. Elles sont conserv\u00e9es pendant une dur\u00e9e n&rsquo;exc\u00e9dant pas la dur\u00e9e l\u00e9gale n\u00e9cessaire aux finalit\u00e9s pour lesquelles elles sont trait\u00e9es, et sont destin\u00e9es au service commercial de Mixdata. Conform\u00e9ment \u00e0 la loi \u00ab informatique et libert\u00e9s \u00bb, vous pouvez exercer votre droit d&rsquo;acc\u00e8s aux donn\u00e9es vous concernant et les faire rectifier en contactant Mixdata au 95, rue Marcel Dassault 92100 Boulogne-Billancourt, ou par email\u00a0<a href=\"mailto:opposition@mixdata.com\">opposition@mixdata.com<\/a><\/h6>\n<p>[\/vc_column_text][vc_empty_space][\/vc_column][\/vc_row]<\/p>\n","protected":false},"excerpt":{"rendered":"<p>[vc_row css_animation=\u00a0\u00bb\u00a0\u00bb row_type=\u00a0\u00bbrow\u00a0\u00bb use_row_as_full_screen_section=\u00a0\u00bbno\u00a0\u00bb type=\u00a0\u00bbgrid\u00a0\u00bb angled_section=\u00a0\u00bbno\u00a0\u00bb text_align=\u00a0\u00bbleft\u00a0\u00bb background_image_as_pattern=\u00a0\u00bbwithout_pattern\u00a0\u00bb padding_top=\u00a0\u00bb0&Prime; css=\u00a0\u00bb.vc_custom_1561386755813{margin-left: 100px !important;}\u00a0\u00bb][vc_column width=\u00a0\u00bb1\/2&Prime; css=\u00a0\u00bb.vc_custom_1556887405968{margin-left: 0px !important;}\u00a0\u00bb][vc_gmaps link=\u00a0\u00bb#E-8_JTNDaWZyYW1lJTIwc3JjJTNEJTIyaHR0cHMlM0ElMkYlMkZ3d3cuZ29vZ2xlLmNvbSUyRm1hcHMlMkZlbWJlZCUzRnBiJTNEJTIxMW0xOCUyMTFtMTIlMjExbTMlMjExZDI2MjYuMjkwNDE2Njg2NjEzMyUyMTJkMi4yNDY3MjUxMTU5MDIzNTMlMjEzZDQ4LjgzMzU5ODkxMDQwNTUwNiUyMTJtMyUyMTFmMCUyMTJmMCUyMTNmMCUyMTNtMiUyMTFpMTAyNCUyMTJpNzY4JTIxNGYxMy4xJTIxM20zJTIxMW0yJTIxMXMweDQ3ZTY3YWViOTIwOWFjNjUlMjUzQTB4MWU0OGE4ZjNmODMxZDNiNSUyMTJzTWl4ZGF0YSUyMTVlMCUyMTNtMiUyMTFzZnIlMjEyc2ZyJTIxNHYxNTUyNjczNDcyNjY5JTIyJTIwd2lkdGglM0QlMjI2MDAlMjIlMjBoZWlnaHQlM0QlMjI0NTAlMjIlMjBmcmFtZWJvcmRlciUzRCUyMjAlMjIlMjBzdHlsZSUzRCUyMmJvcmRlciUzQTAlMjIlMjBhbGxvd2Z1bGxzY3JlZW4lM0UlM0MlMkZpZnJhbWUlM0U=\u00a0\u00bb][\/vc_column][vc_column width=\u00a0\u00bb1\/2&Prime;][vc_empty_space height=\u00a0\u00bb100px\u00a0\u00bb][vc_column_text] Prospection commerciale B2B, fichiers entreprises, g\u00e9n\u00e9ration de leads BtoB&#8230; Nos sp\u00e9cialistes reprendront tr\u00e8s rapidement contact avec vous pour r\u00e9pondre \u00e0 votre demande. A tr\u00e8s vite !&#8230;<\/p>\n","protected":false},"author":1,"featured_media":0,"parent":0,"menu_order":0,"comment_status":"closed","ping_status":"closed","template":"full_width.php","meta":{"footnotes":""},"class_list":["post-1993","page","type-page","status-publish","hentry"],"yoast_head":"<!-- This site is optimized with the Yoast SEO plugin v26.1.1 - https:\/\/yoast.com\/wordpress\/plugins\/seo\/ -->\n<title>Prospection, fichiers B2B et Smart Data : contactez Mixdata<\/title>\n<meta name=\"description\" content=\"Besoin de fichier de prospection commerciale et Marketing, de bases de donn\u00e9es BtoB qualifi\u00e9es ? La Smart Data B2B de Mixdata est disponible en SaaS.\" \/>\n<meta name=\"robots\" content=\"index, follow, max-snippet:-1, max-image-preview:large, max-video-preview:-1\" \/>\n<link rel=\"canonical\" href=\"https:\/\/www.mixdata.com\/fr\/contact-good\/\" \/>\n<meta property=\"og:locale\" content=\"fr_FR\" \/>\n<meta property=\"og:type\" content=\"article\" \/>\n<meta property=\"og:title\" content=\"Prospection, fichiers B2B et Smart Data : contactez Mixdata\" \/>\n<meta property=\"og:description\" content=\"Besoin de fichier de prospection commerciale et Marketing, de bases de donn\u00e9es BtoB qualifi\u00e9es ? La Smart Data B2B de Mixdata est disponible en SaaS.\" \/>\n<meta property=\"og:url\" content=\"https:\/\/www.mixdata.com\/fr\/contact-good\/\" \/>\n<meta property=\"og:site_name\" content=\"Mixdata - Fichiers B2B et Prospection BtoB\" \/>\n<meta property=\"article:modified_time\" content=\"2021-03-31T10:00:14+00:00\" \/>\n<meta name=\"twitter:card\" content=\"summary_large_image\" \/>\n<meta name=\"twitter:site\" content=\"@mixdata92\" \/>\n<meta name=\"twitter:label1\" content=\"Dur\u00e9e de lecture estim\u00e9e\" \/>\n\t<meta name=\"twitter:data1\" content=\"1 minute\" \/>\n<script type=\"application\/ld+json\" class=\"yoast-schema-graph\">{\"@context\":\"https:\/\/schema.org\",\"@graph\":[{\"@type\":\"WebPage\",\"@id\":\"https:\/\/www.mixdata.com\/fr\/contact-good\/\",\"url\":\"https:\/\/www.mixdata.com\/fr\/contact-good\/\",\"name\":\"Prospection, fichiers B2B et Smart Data : contactez Mixdata\",\"isPartOf\":{\"@id\":\"https:\/\/www.mixdata.com\/fr\/#website\"},\"datePublished\":\"2021-03-31T09:48:38+00:00\",\"dateModified\":\"2021-03-31T10:00:14+00:00\",\"description\":\"Besoin de fichier de prospection commerciale et Marketing, de bases de donn\u00e9es BtoB qualifi\u00e9es ? La Smart Data B2B de Mixdata est disponible en SaaS.\",\"breadcrumb\":{\"@id\":\"https:\/\/www.mixdata.com\/fr\/contact-good\/#breadcrumb\"},\"inLanguage\":\"fr-FR\",\"potentialAction\":[{\"@type\":\"ReadAction\",\"target\":[\"https:\/\/www.mixdata.com\/fr\/contact-good\/\"]}]},{\"@type\":\"BreadcrumbList\",\"@id\":\"https:\/\/www.mixdata.com\/fr\/contact-good\/#breadcrumb\",\"itemListElement\":[{\"@type\":\"ListItem\",\"position\":1,\"name\":\"Accueil\",\"item\":\"https:\/\/www.mixdata.com\/fr\/\"},{\"@type\":\"ListItem\",\"position\":2,\"name\":\"Votre demande d&rsquo;informations nous est bien parvenueet nous vous en remercions\"}]},{\"@type\":\"WebSite\",\"@id\":\"https:\/\/www.mixdata.com\/fr\/#website\",\"url\":\"https:\/\/www.mixdata.com\/fr\/\",\"name\":\"Mixdata - Fichiers B2B et Prospection BtoB\",\"description\":\"Fichiers btob et Smart data b2b, leads generation : un outil de prospection en mode SaaS pour les Commerciaux et le Marketing.\",\"publisher\":{\"@id\":\"https:\/\/www.mixdata.com\/fr\/#organization\"},\"potentialAction\":[{\"@type\":\"SearchAction\",\"target\":{\"@type\":\"EntryPoint\",\"urlTemplate\":\"https:\/\/www.mixdata.com\/fr\/?s={search_term_string}\"},\"query-input\":{\"@type\":\"PropertyValueSpecification\",\"valueRequired\":true,\"valueName\":\"search_term_string\"}}],\"inLanguage\":\"fr-FR\"},{\"@type\":\"Organization\",\"@id\":\"https:\/\/www.mixdata.com\/fr\/#organization\",\"name\":\"MIXDATA\",\"url\":\"https:\/\/www.mixdata.com\/fr\/\",\"logo\":{\"@type\":\"ImageObject\",\"inLanguage\":\"fr-FR\",\"@id\":\"https:\/\/www.mixdata.com\/fr\/#\/schema\/logo\/image\/\",\"url\":\"https:\/\/www.mixdata.com\/fr\/wp-content\/uploads\/2019\/03\/mixdata-logo-100p-e1552399152569.png\",\"contentUrl\":\"https:\/\/www.mixdata.com\/fr\/wp-content\/uploads\/2019\/03\/mixdata-logo-100p-e1552399152569.png\",\"width\":80,\"height\":26,\"caption\":\"MIXDATA\"},\"image\":{\"@id\":\"https:\/\/www.mixdata.com\/fr\/#\/schema\/logo\/image\/\"},\"sameAs\":[\"https:\/\/x.com\/mixdata92\",\"https:\/\/www.linkedin.com\/company\/mixdata\/\"]}]}<\/script>\n<!-- \/ Yoast SEO plugin. -->","yoast_head_json":{"title":"Prospection, fichiers B2B et Smart Data : contactez Mixdata","description":"Besoin de fichier de prospection commerciale et Marketing, de bases de donn\u00e9es BtoB qualifi\u00e9es ? La Smart Data B2B de Mixdata est disponible en SaaS.","robots":{"index":"index","follow":"follow","max-snippet":"max-snippet:-1","max-image-preview":"max-image-preview:large","max-video-preview":"max-video-preview:-1"},"canonical":"https:\/\/www.mixdata.com\/fr\/contact-good\/","og_locale":"fr_FR","og_type":"article","og_title":"Prospection, fichiers B2B et Smart Data : contactez Mixdata","og_description":"Besoin de fichier de prospection commerciale et Marketing, de bases de donn\u00e9es BtoB qualifi\u00e9es ? La Smart Data B2B de Mixdata est disponible en SaaS.","og_url":"https:\/\/www.mixdata.com\/fr\/contact-good\/","og_site_name":"Mixdata - Fichiers B2B et Prospection BtoB","article_modified_time":"2021-03-31T10:00:14+00:00","twitter_card":"summary_large_image","twitter_site":"@mixdata92","twitter_misc":{"Dur\u00e9e de lecture estim\u00e9e":"1 minute"},"schema":{"@context":"https:\/\/schema.org","@graph":[{"@type":"WebPage","@id":"https:\/\/www.mixdata.com\/fr\/contact-good\/","url":"https:\/\/www.mixdata.com\/fr\/contact-good\/","name":"Prospection, fichiers B2B et Smart Data : contactez Mixdata","isPartOf":{"@id":"https:\/\/www.mixdata.com\/fr\/#website"},"datePublished":"2021-03-31T09:48:38+00:00","dateModified":"2021-03-31T10:00:14+00:00","description":"Besoin de fichier de prospection commerciale et Marketing, de bases de donn\u00e9es BtoB qualifi\u00e9es ? La Smart Data B2B de Mixdata est disponible en SaaS.","breadcrumb":{"@id":"https:\/\/www.mixdata.com\/fr\/contact-good\/#breadcrumb"},"inLanguage":"fr-FR","potentialAction":[{"@type":"ReadAction","target":["https:\/\/www.mixdata.com\/fr\/contact-good\/"]}]},{"@type":"BreadcrumbList","@id":"https:\/\/www.mixdata.com\/fr\/contact-good\/#breadcrumb","itemListElement":[{"@type":"ListItem","position":1,"name":"Accueil","item":"https:\/\/www.mixdata.com\/fr\/"},{"@type":"ListItem","position":2,"name":"Votre demande d&rsquo;informations nous est bien parvenueet nous vous en remercions"}]},{"@type":"WebSite","@id":"https:\/\/www.mixdata.com\/fr\/#website","url":"https:\/\/www.mixdata.com\/fr\/","name":"Mixdata - Fichiers B2B et Prospection BtoB","description":"Fichiers btob et Smart data b2b, leads generation : un outil de prospection en mode SaaS pour les Commerciaux et le Marketing.","publisher":{"@id":"https:\/\/www.mixdata.com\/fr\/#organization"},"potentialAction":[{"@type":"SearchAction","target":{"@type":"EntryPoint","urlTemplate":"https:\/\/www.mixdata.com\/fr\/?s={search_term_string}"},"query-input":{"@type":"PropertyValueSpecification","valueRequired":true,"valueName":"search_term_string"}}],"inLanguage":"fr-FR"},{"@type":"Organization","@id":"https:\/\/www.mixdata.com\/fr\/#organization","name":"MIXDATA","url":"https:\/\/www.mixdata.com\/fr\/","logo":{"@type":"ImageObject","inLanguage":"fr-FR","@id":"https:\/\/www.mixdata.com\/fr\/#\/schema\/logo\/image\/","url":"https:\/\/www.mixdata.com\/fr\/wp-content\/uploads\/2019\/03\/mixdata-logo-100p-e1552399152569.png","contentUrl":"https:\/\/www.mixdata.com\/fr\/wp-content\/uploads\/2019\/03\/mixdata-logo-100p-e1552399152569.png","width":80,"height":26,"caption":"MIXDATA"},"image":{"@id":"https:\/\/www.mixdata.com\/fr\/#\/schema\/logo\/image\/"},"sameAs":["https:\/\/x.com\/mixdata92","https:\/\/www.linkedin.com\/company\/mixdata\/"]}]}},"_links":{"self":[{"href":"https:\/\/www.mixdata.com\/fr\/wp-json\/wp\/v2\/pages\/1993","targetHints":{"allow":["GET"]}}],"collection":[{"href":"https:\/\/www.mixdata.com\/fr\/wp-json\/wp\/v2\/pages"}],"about":[{"href":"https:\/\/www.mixdata.com\/fr\/wp-json\/wp\/v2\/types\/page"}],"author":[{"embeddable":true,"href":"https:\/\/www.mixdata.com\/fr\/wp-json\/wp\/v2\/users\/1"}],"replies":[{"embeddable":true,"href":"https:\/\/www.mixdata.com\/fr\/wp-json\/wp\/v2\/comments?post=1993"}],"version-history":[{"count":7,"href":"https:\/\/www.mixdata.com\/fr\/wp-json\/wp\/v2\/pages\/1993\/revisions"}],"predecessor-version":[{"id":2000,"href":"https:\/\/www.mixdata.com\/fr\/wp-json\/wp\/v2\/pages\/1993\/revisions\/2000"}],"wp:attachment":[{"href":"https:\/\/www.mixdata.com\/fr\/wp-json\/wp\/v2\/media?parent=1993"}],"curies":[{"name":"wp","href":"https:\/\/api.w.org\/{rel}","templated":true}]}}