{"id":117,"date":"2019-03-12T16:14:46","date_gmt":"2019-03-12T15:14:46","guid":{"rendered":"http:\/\/newsite.mixdata.com\/?page_id=117"},"modified":"2022-07-05T18:11:25","modified_gmt":"2022-07-05T16:11:25","slug":"protection-des-donnees","status":"publish","type":"page","link":"https:\/\/www.mixdata.com\/fr\/protection-des-donnees\/","title":{"rendered":"Charte de protection des donn\u00e9es personnelles de Mixdata"},"content":{"rendered":"<p>[vc_row css_animation=\u00a0\u00bb\u00a0\u00bb row_type=\u00a0\u00bbrow\u00a0\u00bb use_row_as_full_screen_section=\u00a0\u00bbno\u00a0\u00bb type=\u00a0\u00bbfull_width\u00a0\u00bb angled_section=\u00a0\u00bbno\u00a0\u00bb text_align=\u00a0\u00bbleft\u00a0\u00bb background_image_as_pattern=\u00a0\u00bbwithout_pattern\u00a0\u00bb][vc_column][rev_slider_vc alias=\u00a0\u00bbslider-protection\u00a0\u00bb][vc_empty_space][\/vc_column][\/vc_row][vc_row css_animation=\u00a0\u00bb\u00a0\u00bb row_type=\u00a0\u00bbrow\u00a0\u00bb use_row_as_full_screen_section=\u00a0\u00bbno\u00a0\u00bb type=\u00a0\u00bbgrid\u00a0\u00bb angled_section=\u00a0\u00bbno\u00a0\u00bb text_align=\u00a0\u00bbleft\u00a0\u00bb background_image_as_pattern=\u00a0\u00bbwithout_pattern\u00a0\u00bb][vc_column][vc_column_text]<\/p>\r\n<p><strong>1. ENGAGEMENT EN FAVEUR DE LA PROTECTION DES DONNEES PERSONNELLES<\/strong><\/p>\r\n\r\n<p>\r\n\r\nLa pr\u00e9sente Charte de protection des donn\u00e9es personnelles (\u00ab Charte de Protection \u00bb) explique comment MixData collecte, utilise et partage les donn\u00e9es \u00e0 caract\u00e8re personnel. Elle est destin\u00e9e \u00e0 informer toute personne que des donn\u00e9es \u00e0 caract\u00e8re personnel, accessibles publiquement sur le web, peuvent \u00eatre trait\u00e9es dans le cadre du Service propos\u00e9 par MixData et que MixData met tout en \u0153uvre pour permettre d\u2019acc\u00e9der, de rectifier, mettre \u00e0 jour ou s\u2019opposer au traitement des \u00e9ventuelles donn\u00e9es personnelles vous concernant, dans le respect des dispositions l\u00e9gales. Cette charte vous assure de la protection et de la confidentialit\u00e9 de vos donn\u00e9es personnelles. Nous entendons par \u00ab donn\u00e9e personnelle \u00bb, toute information collect\u00e9e dans un format qui permet de vous identifier soit directement (ex: nom) ou indirectement (ex: fonction) en qualit\u00e9 de personne physique.<\/p>\r\n\r\n\r\n\r\n<p>\r\n\r\n<strong>2. IDENTITE DU RESPONSABLE DU TRAITEMENT<\/strong><br \/>Le responsable du traitement des donn\u00e9es personnelles est la soci\u00e9t\u00e9 MixData SAS dont le si\u00e8ge social est situ\u00e9 au 95 rue Marcel Dassault, 92100 Boulogne-Billancourt. La d\u00e9l\u00e9gu\u00e9e \u00e0 la Protection des donn\u00e9es personnelles (DPO) est Madame C\u00e9cile Chetrit, situ\u00e9e au 95 rue Marcel Dassault, 92100 Boulogne-Billancourt<\/p>\r\n<p>&nbsp;<\/p>\r\n\r\n<p>\r\n\r\n<strong>3. FINALITE ET LEGITIMITE<\/strong><br \/>MixData collecte les donn\u00e9es personnelles vous concernant afin de proposer des services d\u2019intelligence commerciale, de recherche d\u2019informations, et de veille pour les entreprises. Nous ne traitons que des donn\u00e9es personnelles accessibles publiquement sur le web, et uniquement \u00e0 des fins professionnelles strictement limit\u00e9es au cadre du Business to Business. Nous ne collectons et traitons aucune donn\u00e9e sensible au sens de la \u201cloi informatique et libert\u00e9s \u00bb ou du R\u00e8glement G\u00e9n\u00e9ral sur la Protection des Donn\u00e9es (origines raciales ou ethniques, opinions politiques, philosophiques, religieuses ou syndicales ou information relative \u00e0 l\u2019\u00e9tat de sant\u00e9) ni aucune donn\u00e9e concernant la sph\u00e8re priv\u00e9e (sexe, patrimoine, domicile, centres d\u2019int\u00e9r\u00eat personnels, etc.).<\/p>\r\n<p>\r\n\r\nLe traitement de donn\u00e9es effectu\u00e9 est n\u00e9cessaire aux fins des int\u00e9r\u00eats l\u00e9gitimes du responsable du traitement. Nous ne traitons que les donn\u00e9es personnelles professionnelles qui peuvent \u00eatre utiles \u00e0 nos clients dans un cadre professionnel pour am\u00e9liorer l\u2019information fournie sur les entreprises fran\u00e7aises, et d\u00e9livrer un service business to business de prospection et de connaissance client pertinent dans le respect du principe de limitation.<\/p>\r\n<p>&nbsp;<\/p>\r\n\r\n<p>\r\n\r\n<strong> 4. INFORMATIONS RECUES DE TIERS<\/strong><br \/>MixData peut recevoir des informations vous concernant provenant de tiers. Par exemple, si vos informations sont accessibles via la page web, page de profil ou autre type de page aff\u00e9rent sur un r\u00e9seau social professionnel. Mixdata recoit \u00e9galement des informations disponibles en Opendata sur les entreprises et leurs dirigeants provenant de diff\u00e9rents responsables de traitement (donn\u00e9es l\u00e9gales INPI ; BODACC etc.).<\/p>\r\n<p>\r\n\r\nLes donn\u00e9es personnelles trait\u00e9es sont les nom, pr\u00e9nom, fonction professionnelle, et parfois l\u2019email professionnelle des personnes pr\u00e9sentes sur les r\u00e9seaux sociaux professionnels et dont les profils sont accessibles publiquement et index\u00e9s par les moteurs de recherche, ainsi que des mandataires sociaux des entreprises fran\u00e7aises recens\u00e9s dans les fichiers disponibles en opendata.<\/p>\r\n<p>\r\n\r\nDans tous les cas, nous ne recueillons indirectement que les informations pour lesquelles vous avez autoris\u00e9 l\u2019acc\u00e8s et aux seules fins indiqu\u00e9es dans l\u2019Article 3 ci-dessus.<\/p>\r\n<p>&nbsp;<\/p>\r\n\r\n<p>\r\n\r\n<strong>5. DUREE DE CONSERVATION<\/strong><br \/>Nous conserverons vos donn\u00e9es personnelles pendant la p\u00e9riode n\u00e9cessaire aux fins du traitement des donn\u00e9es conform\u00e9ment aux exigences pr\u00e9vues par la loi. Pour les mandataires sociaux, la dur\u00e9e de conservation est tant que le mandataire social exerce son mandat dans l\u2019entreprise et pour les contacts publiquement accessibles via les r\u00e9seaux sociaux la dur\u00e9e de conservation est tant que la personne est en activit\u00e9 professionnelle et active sur les r\u00e9seaux sociaux professionnels.<\/p>\r\n<p>\r\n\r\nPour ce qui concerne les donn\u00e9es personnelles relatives \u00e0 nos clients utilisateurs, elles sont conserv\u00e9es pendant la dur\u00e9e du contrat, jusqu\u2019\u00e0 son terme ou la r\u00e9siliation du compte de l\u2019utilisateur, dur\u00e9e augment\u00e9e des d\u00e9lais l\u00e9gaux n\u00e9cessaires \u00e0 la preuve des contrats, et dans le cadre de notre prospection commerciale \u00e0 concurrence d\u2019un d\u00e9lai de 3 ans maximum au terme duquel elles sont effac\u00e9es (sauf en cas de nouvelle commande de l\u2019utilisateur).<\/p>\r\n<p>&nbsp;<\/p>\r\n\r\n<p>\r\n\r\n<strong> 6. SECURITE<\/strong><br \/>MixData prend toutes les pr\u00e9cautions commercialement raisonnables et compte tenu de l\u2019\u00e9tat de l\u2019art pour pr\u00e9server la s\u00e9curit\u00e9 de vos donn\u00e9es et, notamment emp\u00eacher qu\u2019elles soient d\u00e9form\u00e9es, endommag\u00e9es ou que des tiers non autoris\u00e9s y aient acc\u00e8s. Mixdata a mis en place des mesures techniques et organisationnelles appropri\u00e9es afin de garantir la s\u00e9curit\u00e9 des donn\u00e9es \u00e0 caract\u00e8re personnel trait\u00e9es, y compris la protection contre la perte, la destruction ou les d\u00e9g\u00e2ts d\u2019origine accidentelle.<\/p>\r\n<p>&nbsp;<\/p>\r\n<p>[\/vc_column_text][\/vc_column][\/vc_row][vc_row css_animation=\u00a0\u00bb\u00a0\u00bb row_type=\u00a0\u00bbrow\u00a0\u00bb use_row_as_full_screen_section=\u00a0\u00bbno\u00a0\u00bb type=\u00a0\u00bbgrid\u00a0\u00bb anchor=\u00a0\u00bbdestinataires-donnees\u00a0\u00bb angled_section=\u00a0\u00bbno\u00a0\u00bb text_align=\u00a0\u00bbleft\u00a0\u00bb background_image_as_pattern=\u00a0\u00bbwithout_pattern\u00a0\u00bb][vc_column][vc_column_text]<\/p>\r\n<p>&nbsp;<\/p>\r\n<p><strong>7. DESTINATAIRES DES DONNEES<\/strong><br \/>MixData partage vos donn\u00e9es avec ses clients qui utilisent le service de MixData et pour les seules finalit\u00e9s d\u00e9finies \u00e0 l\u2019article 3. Les cat\u00e9gories de destinataires sont des entreprises intervenant en Business to Business dans les secteurs d&rsquo;activit\u00e9 suivants : Solutions e-commerce, Solutions logistiques, Banque-Finance-Assurance, Solutions et services RH, Services IT et Telecom, Energie, Solutions digitales et Agences digitales, ONG, MarketPlaces, Formation continue et professionnelle, Formation Executive Education, Centres Techniques professionnels de technologies ou d&rsquo;innovation, Prestataires de Services aux Entreprises, Immobilier d&rsquo;entreprise, P\u00f4les de comp\u00e9tences professionnels.<\/p>\r\n<p>&nbsp;<\/p>\r\n\r\n<p>&nbsp;<\/p>\r\n\r\n<p><strong>8. TRANSFERTS INTERNATIONAUX<\/strong><br \/>Nous garantissons qu\u2019aucune donn\u00e9e personnelle vous concernant ne fait l\u2019objet d\u2019un transfert hors de l\u2019Union Europ\u00e9enne.<\/p>\r\n<p>&nbsp;<\/p>\r\n\r\n<p>&nbsp;<\/p>\r\n\r\n<p><strong> 9. ACCES, RECTIFICATION, OPPOSITION<\/strong><br \/>Vous avez la possibilit\u00e9 d\u2019acc\u00e9der, de modifier, de corriger ou de demander la suppression de vos donn\u00e9es personnelles \u00e0 tout moment. Vous avez \u00e9galement le droit de vous opposer au traitement, le droit \u00e0 la portabilit\u00e9 des donn\u00e9es vous concernant et le droit d\u2019introduire une r\u00e9clamation aupr\u00e8s d\u2019une autorit\u00e9 de contr\u00f4le.<\/p>\r\n\r\n<p>&nbsp;<\/p>\r\n\r\n<p>Pour avoir acc\u00e8s aux donn\u00e9es vous concernant et exercer votre droit de rectification, d\u2019opposition ou d\u2019effacement, \u00e9crivez \u00e0 l\u2019adresse suivante : MIXDATA, DPO \u2013 Service Opposition \u2013 95, rue Marcel Dassault 92100 Boulogne-Billancourt.<\/p>\r\n<p>&nbsp;<\/p>\r\n\r\n<p>&nbsp;<\/p>\r\n\r\n<p><strong> 10. MODIFICATIONS<\/strong><br \/>Nous nous r\u00e9servons le droit, \u00e0 notre seule discr\u00e9tion, de modifier \u00e0 tout moment la pr\u00e9sente Charte, en totalit\u00e9 ou en partie. Tous ces changements seront effectifs \u00e0 compter de la publication de la nouvelle Charte sur le Site.<\/p>\r\n<p><!-- \/wp:post-content -->\u00a0<\/p>\r\n<p>[\/vc_column_text][vc_empty_space][\/vc_column][\/vc_row]<\/p>","protected":false},"excerpt":{"rendered":"<p>[vc_row css_animation=\u00a0\u00bb\u00a0\u00bb row_type=\u00a0\u00bbrow\u00a0\u00bb use_row_as_full_screen_section=\u00a0\u00bbno\u00a0\u00bb type=\u00a0\u00bbfull_width\u00a0\u00bb angled_section=\u00a0\u00bbno\u00a0\u00bb text_align=\u00a0\u00bbleft\u00a0\u00bb background_image_as_pattern=\u00a0\u00bbwithout_pattern\u00a0\u00bb][vc_column][rev_slider_vc alias=\u00a0\u00bbslider-protection\u00a0\u00bb][vc_empty_space][\/vc_column][\/vc_row][vc_row css_animation=\u00a0\u00bb\u00a0\u00bb row_type=\u00a0\u00bbrow\u00a0\u00bb use_row_as_full_screen_section=\u00a0\u00bbno\u00a0\u00bb type=\u00a0\u00bbgrid\u00a0\u00bb angled_section=\u00a0\u00bbno\u00a0\u00bb text_align=\u00a0\u00bbleft\u00a0\u00bb background_image_as_pattern=\u00a0\u00bbwithout_pattern\u00a0\u00bb][vc_column][vc_column_text] 1. ENGAGEMENT EN FAVEUR DE LA PROTECTION DES DONNEES PERSONNELLES La pr\u00e9sente Charte de protection des donn\u00e9es personnelles (\u00ab Charte de Protection \u00bb) explique comment MixData collecte, utilise et&#8230;<\/p>\n","protected":false},"author":1,"featured_media":0,"parent":0,"menu_order":0,"comment_status":"closed","ping_status":"closed","template":"full_width.php","meta":{"footnotes":""},"class_list":["post-117","page","type-page","status-publish","hentry"],"yoast_head":"<!-- This site is optimized with the Yoast SEO plugin v26.1.1 - https:\/\/yoast.com\/wordpress\/plugins\/seo\/ -->\n<title>Charte de protection des donn\u00e9es personnelles de Mixdata<\/title>\n<meta name=\"description\" content=\"Mixdata, solution SaaS de prospection et d&#039;identification d&#039;entreprises, est RGPD compliant. Notre Charte de Protection des Donn\u00e9es personnelles...\" \/>\n<meta name=\"robots\" content=\"index, follow, max-snippet:-1, max-image-preview:large, max-video-preview:-1\" \/>\n<link rel=\"canonical\" href=\"https:\/\/www.mixdata.com\/fr\/protection-des-donnees\/\" \/>\n<meta property=\"og:locale\" content=\"fr_FR\" \/>\n<meta property=\"og:type\" content=\"article\" \/>\n<meta property=\"og:title\" content=\"Charte de protection des donn\u00e9es personnelles de Mixdata\" \/>\n<meta property=\"og:description\" content=\"Mixdata, solution SaaS de prospection et d&#039;identification d&#039;entreprises, est RGPD compliant. Notre Charte de Protection des Donn\u00e9es personnelles...\" \/>\n<meta property=\"og:url\" content=\"https:\/\/www.mixdata.com\/fr\/protection-des-donnees\/\" \/>\n<meta property=\"og:site_name\" content=\"Mixdata - Fichiers B2B et Prospection BtoB\" \/>\n<meta property=\"article:modified_time\" content=\"2022-07-05T16:11:25+00:00\" \/>\n<meta name=\"twitter:card\" content=\"summary_large_image\" \/>\n<meta name=\"twitter:site\" content=\"@mixdata92\" \/>\n<meta name=\"twitter:label1\" content=\"Dur\u00e9e de lecture estim\u00e9e\" \/>\n\t<meta name=\"twitter:data1\" content=\"5 minutes\" \/>\n<script type=\"application\/ld+json\" class=\"yoast-schema-graph\">{\"@context\":\"https:\/\/schema.org\",\"@graph\":[{\"@type\":\"WebPage\",\"@id\":\"https:\/\/www.mixdata.com\/fr\/protection-des-donnees\/\",\"url\":\"https:\/\/www.mixdata.com\/fr\/protection-des-donnees\/\",\"name\":\"Charte de protection des donn\u00e9es personnelles de Mixdata\",\"isPartOf\":{\"@id\":\"https:\/\/www.mixdata.com\/fr\/#website\"},\"datePublished\":\"2019-03-12T15:14:46+00:00\",\"dateModified\":\"2022-07-05T16:11:25+00:00\",\"description\":\"Mixdata, solution SaaS de prospection et d'identification d'entreprises, est RGPD compliant. Notre Charte de Protection des Donn\u00e9es personnelles...\",\"breadcrumb\":{\"@id\":\"https:\/\/www.mixdata.com\/fr\/protection-des-donnees\/#breadcrumb\"},\"inLanguage\":\"fr-FR\",\"potentialAction\":[{\"@type\":\"ReadAction\",\"target\":[\"https:\/\/www.mixdata.com\/fr\/protection-des-donnees\/\"]}]},{\"@type\":\"BreadcrumbList\",\"@id\":\"https:\/\/www.mixdata.com\/fr\/protection-des-donnees\/#breadcrumb\",\"itemListElement\":[{\"@type\":\"ListItem\",\"position\":1,\"name\":\"Accueil\",\"item\":\"https:\/\/www.mixdata.com\/fr\/\"},{\"@type\":\"ListItem\",\"position\":2,\"name\":\"Charte de protection des donn\u00e9es personnelles de Mixdata\"}]},{\"@type\":\"WebSite\",\"@id\":\"https:\/\/www.mixdata.com\/fr\/#website\",\"url\":\"https:\/\/www.mixdata.com\/fr\/\",\"name\":\"Mixdata - Fichiers B2B et Prospection BtoB\",\"description\":\"Fichiers btob et Smart data b2b, leads generation : un outil de prospection en mode SaaS pour les Commerciaux et le Marketing.\",\"publisher\":{\"@id\":\"https:\/\/www.mixdata.com\/fr\/#organization\"},\"potentialAction\":[{\"@type\":\"SearchAction\",\"target\":{\"@type\":\"EntryPoint\",\"urlTemplate\":\"https:\/\/www.mixdata.com\/fr\/?s={search_term_string}\"},\"query-input\":{\"@type\":\"PropertyValueSpecification\",\"valueRequired\":true,\"valueName\":\"search_term_string\"}}],\"inLanguage\":\"fr-FR\"},{\"@type\":\"Organization\",\"@id\":\"https:\/\/www.mixdata.com\/fr\/#organization\",\"name\":\"MIXDATA\",\"url\":\"https:\/\/www.mixdata.com\/fr\/\",\"logo\":{\"@type\":\"ImageObject\",\"inLanguage\":\"fr-FR\",\"@id\":\"https:\/\/www.mixdata.com\/fr\/#\/schema\/logo\/image\/\",\"url\":\"https:\/\/www.mixdata.com\/fr\/wp-content\/uploads\/2019\/03\/mixdata-logo-100p-e1552399152569.png\",\"contentUrl\":\"https:\/\/www.mixdata.com\/fr\/wp-content\/uploads\/2019\/03\/mixdata-logo-100p-e1552399152569.png\",\"width\":80,\"height\":26,\"caption\":\"MIXDATA\"},\"image\":{\"@id\":\"https:\/\/www.mixdata.com\/fr\/#\/schema\/logo\/image\/\"},\"sameAs\":[\"https:\/\/x.com\/mixdata92\",\"https:\/\/www.linkedin.com\/company\/mixdata\/\"]}]}<\/script>\n<!-- \/ Yoast SEO plugin. -->","yoast_head_json":{"title":"Charte de protection des donn\u00e9es personnelles de Mixdata","description":"Mixdata, solution SaaS de prospection et d'identification d'entreprises, est RGPD compliant. Notre Charte de Protection des Donn\u00e9es personnelles...","robots":{"index":"index","follow":"follow","max-snippet":"max-snippet:-1","max-image-preview":"max-image-preview:large","max-video-preview":"max-video-preview:-1"},"canonical":"https:\/\/www.mixdata.com\/fr\/protection-des-donnees\/","og_locale":"fr_FR","og_type":"article","og_title":"Charte de protection des donn\u00e9es personnelles de Mixdata","og_description":"Mixdata, solution SaaS de prospection et d'identification d'entreprises, est RGPD compliant. Notre Charte de Protection des Donn\u00e9es personnelles...","og_url":"https:\/\/www.mixdata.com\/fr\/protection-des-donnees\/","og_site_name":"Mixdata - Fichiers B2B et Prospection BtoB","article_modified_time":"2022-07-05T16:11:25+00:00","twitter_card":"summary_large_image","twitter_site":"@mixdata92","twitter_misc":{"Dur\u00e9e de lecture estim\u00e9e":"5 minutes"},"schema":{"@context":"https:\/\/schema.org","@graph":[{"@type":"WebPage","@id":"https:\/\/www.mixdata.com\/fr\/protection-des-donnees\/","url":"https:\/\/www.mixdata.com\/fr\/protection-des-donnees\/","name":"Charte de protection des donn\u00e9es personnelles de Mixdata","isPartOf":{"@id":"https:\/\/www.mixdata.com\/fr\/#website"},"datePublished":"2019-03-12T15:14:46+00:00","dateModified":"2022-07-05T16:11:25+00:00","description":"Mixdata, solution SaaS de prospection et d'identification d'entreprises, est RGPD compliant. Notre Charte de Protection des Donn\u00e9es personnelles...","breadcrumb":{"@id":"https:\/\/www.mixdata.com\/fr\/protection-des-donnees\/#breadcrumb"},"inLanguage":"fr-FR","potentialAction":[{"@type":"ReadAction","target":["https:\/\/www.mixdata.com\/fr\/protection-des-donnees\/"]}]},{"@type":"BreadcrumbList","@id":"https:\/\/www.mixdata.com\/fr\/protection-des-donnees\/#breadcrumb","itemListElement":[{"@type":"ListItem","position":1,"name":"Accueil","item":"https:\/\/www.mixdata.com\/fr\/"},{"@type":"ListItem","position":2,"name":"Charte de protection des donn\u00e9es personnelles de Mixdata"}]},{"@type":"WebSite","@id":"https:\/\/www.mixdata.com\/fr\/#website","url":"https:\/\/www.mixdata.com\/fr\/","name":"Mixdata - Fichiers B2B et Prospection BtoB","description":"Fichiers btob et Smart data b2b, leads generation : un outil de prospection en mode SaaS pour les Commerciaux et le Marketing.","publisher":{"@id":"https:\/\/www.mixdata.com\/fr\/#organization"},"potentialAction":[{"@type":"SearchAction","target":{"@type":"EntryPoint","urlTemplate":"https:\/\/www.mixdata.com\/fr\/?s={search_term_string}"},"query-input":{"@type":"PropertyValueSpecification","valueRequired":true,"valueName":"search_term_string"}}],"inLanguage":"fr-FR"},{"@type":"Organization","@id":"https:\/\/www.mixdata.com\/fr\/#organization","name":"MIXDATA","url":"https:\/\/www.mixdata.com\/fr\/","logo":{"@type":"ImageObject","inLanguage":"fr-FR","@id":"https:\/\/www.mixdata.com\/fr\/#\/schema\/logo\/image\/","url":"https:\/\/www.mixdata.com\/fr\/wp-content\/uploads\/2019\/03\/mixdata-logo-100p-e1552399152569.png","contentUrl":"https:\/\/www.mixdata.com\/fr\/wp-content\/uploads\/2019\/03\/mixdata-logo-100p-e1552399152569.png","width":80,"height":26,"caption":"MIXDATA"},"image":{"@id":"https:\/\/www.mixdata.com\/fr\/#\/schema\/logo\/image\/"},"sameAs":["https:\/\/x.com\/mixdata92","https:\/\/www.linkedin.com\/company\/mixdata\/"]}]}},"_links":{"self":[{"href":"https:\/\/www.mixdata.com\/fr\/wp-json\/wp\/v2\/pages\/117","targetHints":{"allow":["GET"]}}],"collection":[{"href":"https:\/\/www.mixdata.com\/fr\/wp-json\/wp\/v2\/pages"}],"about":[{"href":"https:\/\/www.mixdata.com\/fr\/wp-json\/wp\/v2\/types\/page"}],"author":[{"embeddable":true,"href":"https:\/\/www.mixdata.com\/fr\/wp-json\/wp\/v2\/users\/1"}],"replies":[{"embeddable":true,"href":"https:\/\/www.mixdata.com\/fr\/wp-json\/wp\/v2\/comments?post=117"}],"version-history":[{"count":35,"href":"https:\/\/www.mixdata.com\/fr\/wp-json\/wp\/v2\/pages\/117\/revisions"}],"predecessor-version":[{"id":2443,"href":"https:\/\/www.mixdata.com\/fr\/wp-json\/wp\/v2\/pages\/117\/revisions\/2443"}],"wp:attachment":[{"href":"https:\/\/www.mixdata.com\/fr\/wp-json\/wp\/v2\/media?parent=117"}],"curies":[{"name":"wp","href":"https:\/\/api.w.org\/{rel}","templated":true}]}}